{"id":1101,"date":"2016-10-04T13:18:00","date_gmt":"2016-10-04T13:18:00","guid":{"rendered":"https:\/\/plum.hu\/?page_id=1101"},"modified":"2024-02-02T12:24:21","modified_gmt":"2024-02-02T11:24:21","slug":"product-pesearch","status":"publish","type":"page","link":"https:\/\/plum.hu\/en\/about-us\/","title":{"rendered":"About us"},"content":{"rendered":"<p>Ismerjen meg minket NORDIK Minden dolgoz\u00f3nak biztons\u00e1gban kell lennie munkav\u00e9gz\u00e9s k\u00f6zben \u00e9s eg\u00e9szs\u00e9gesen kell haza\u00e9rkeznie minden nap. &nbsp; NORDIK Magyarorsz\u00e1g Kft. n\u00e9ven \u00faj c\u00e9gn\u00e9v \u00e9s NORDIK n\u00e9ven, egyben \u00fajm\u00e1rkan\u00e9v is sz\u00fcletik a PLUM Magyarorsz\u00e1g Kft. jogut\u00f3djak\u00e9nt 2 <a href=\"https:\/\/plum.hu\/en\/about-us\/\" title=\"Read more on About us\" class=\"more-link\">read more<\/a><\/p>\n","protected":false},"excerpt":{"rendered":"<p>Ismerjen meg minket NORDIK Minden dolgoz\u00f3nak biztons\u00e1gban kell lennie munkav\u00e9gz\u00e9s k\u00f6zben \u00e9s eg\u00e9szs\u00e9gesen kell haza\u00e9rkeznie minden nap. &nbsp; NORDIK Magyarorsz\u00e1g Kft. n\u00e9ven \u00faj c\u00e9gn\u00e9v \u00e9s NORDIK n\u00e9ven, egyben \u00fajm\u00e1rkan\u00e9v is sz\u00fcletik a PLUM Magyarorsz\u00e1g Kft. jogut\u00f3djak\u00e9nt 2 read more<\/p>\n","protected":false},"author":1,"featured_media":0,"parent":0,"menu_order":0,"comment_status":"closed","ping_status":"closed","template":"paddingless-page.php","meta":{"footnotes":""},"class_list":["post-1101","page","type-page","status-publish","hentry","no-thumb"],"_links":{"self":[{"href":"https:\/\/plum.hu\/en\/wp-json\/wp\/v2\/pages\/1101","targetHints":{"allow":["GET"]}}],"collection":[{"href":"https:\/\/plum.hu\/en\/wp-json\/wp\/v2\/pages"}],"about":[{"href":"https:\/\/plum.hu\/en\/wp-json\/wp\/v2\/types\/page"}],"author":[{"embeddable":true,"href":"https:\/\/plum.hu\/en\/wp-json\/wp\/v2\/users\/1"}],"replies":[{"embeddable":true,"href":"https:\/\/plum.hu\/en\/wp-json\/wp\/v2\/comments?post=1101"}],"version-history":[{"count":89,"href":"https:\/\/plum.hu\/en\/wp-json\/wp\/v2\/pages\/1101\/revisions"}],"predecessor-version":[{"id":6266,"href":"https:\/\/plum.hu\/en\/wp-json\/wp\/v2\/pages\/1101\/revisions\/6266"}],"wp:attachment":[{"href":"https:\/\/plum.hu\/en\/wp-json\/wp\/v2\/media?parent=1101"}],"curies":[{"name":"wp","href":"https:\/\/api.w.org\/{rel}","templated":true}]}}