{"id":16,"date":"2016-05-11T09:41:23","date_gmt":"2016-05-11T09:41:23","guid":{"rendered":"https:\/\/plum.hu\/?page_id=16"},"modified":"2024-01-31T18:20:36","modified_gmt":"2024-01-31T17:20:36","slug":"contacts","status":"publish","type":"page","link":"https:\/\/plum.hu\/en\/contact\/","title":{"rendered":"Contact"},"content":{"rendered":"<p>Kapcsolat Nordik Magyarorsz\u00e1g Kft. C\u00edm: 8200 Veszpr\u00e9m, Erd\u00e9sz utca 4. Tel.\/Fax:\u00a0+36 88 326 006 E-mail: info@nordik.hu Webshop:\u00a0https:\/\/nordik24.com\/ Contacts Tel.\/Fax:\u00a0+36 88 326 006 E-mail: info@nordik.hu Webshop:\u00a0https:\/\/nordik24.com\/ &nbsp; Kontakty Tel.\/Fax:&nbsp;+3 <a href=\"https:\/\/plum.hu\/en\/contact\/\" title=\"Read more on Contact\" class=\"more-link\">read more<\/a><\/p>\n","protected":false},"excerpt":{"rendered":"<p>Kapcsolat Nordik Magyarorsz\u00e1g Kft. C\u00edm: 8200 Veszpr\u00e9m, Erd\u00e9sz utca 4. Tel.\/Fax:\u00a0+36 88 326 006 E-mail: info@nordik.hu Webshop:\u00a0https:\/\/nordik24.com\/ Contacts Tel.\/Fax:\u00a0+36 88 326 006 E-mail: info@nordik.hu Webshop:\u00a0https:\/\/nordik24.com\/ &nbsp; Kontakty Tel.\/Fax:&nbsp;+3 read more<\/p>\n","protected":false},"author":1,"featured_media":0,"parent":0,"menu_order":0,"comment_status":"closed","ping_status":"closed","template":"paddingless-page.php","meta":{"footnotes":""},"class_list":["post-16","page","type-page","status-publish","hentry","no-thumb"],"_links":{"self":[{"href":"https:\/\/plum.hu\/en\/wp-json\/wp\/v2\/pages\/16","targetHints":{"allow":["GET"]}}],"collection":[{"href":"https:\/\/plum.hu\/en\/wp-json\/wp\/v2\/pages"}],"about":[{"href":"https:\/\/plum.hu\/en\/wp-json\/wp\/v2\/types\/page"}],"author":[{"embeddable":true,"href":"https:\/\/plum.hu\/en\/wp-json\/wp\/v2\/users\/1"}],"replies":[{"embeddable":true,"href":"https:\/\/plum.hu\/en\/wp-json\/wp\/v2\/comments?post=16"}],"version-history":[{"count":102,"href":"https:\/\/plum.hu\/en\/wp-json\/wp\/v2\/pages\/16\/revisions"}],"predecessor-version":[{"id":6261,"href":"https:\/\/plum.hu\/en\/wp-json\/wp\/v2\/pages\/16\/revisions\/6261"}],"wp:attachment":[{"href":"https:\/\/plum.hu\/en\/wp-json\/wp\/v2\/media?parent=16"}],"curies":[{"name":"wp","href":"https:\/\/api.w.org\/{rel}","templated":true}]}}