{"id":1915,"date":"2017-03-02T15:47:11","date_gmt":"2017-03-02T15:47:11","guid":{"rendered":"https:\/\/plum.hu\/?page_id=1915"},"modified":"2023-02-13T17:59:52","modified_gmt":"2023-02-13T16:59:52","slug":"borapolo-kremek","status":"publish","type":"page","link":"https:\/\/plum.hu\/en\/skin-care-creams\/","title":{"rendered":"Skin care creams"},"content":{"rendered":"<p>Plum b\u0151r\u00e1pol\u00f3 kr\u00e9mek A dolgoz\u00f3 ember b\u0151re csak \u00e9jszaka \u00e9s a napk\u00f6zi sz\u00fcnetekben tudja regener\u00e1lni term\u00e9szetes v\u00e9dekez\u0151 funkci\u00f3j\u00e1t, hiszen a munkav\u00e9gz\u00e9s sor\u00e1n terhel\u00e9snek van kit\u00e9ve. Ez\u00e9rt fontos a munkanap v\u00e9gezt\u00e9vel olyan Plum b\u0151r\u00e1pol\u00f3 kr\u00e9met haszn\u00e1lni, amely el\u0151seg\u00edti <a href=\"https:\/\/plum.hu\/en\/skin-care-creams\/\" title=\"Read more on Skin care creams\" class=\"more-link\">read more<\/a><\/p>\n","protected":false},"excerpt":{"rendered":"<p>Plum b\u0151r\u00e1pol\u00f3 kr\u00e9mek A dolgoz\u00f3 ember b\u0151re csak \u00e9jszaka \u00e9s a napk\u00f6zi sz\u00fcnetekben tudja regener\u00e1lni term\u00e9szetes v\u00e9dekez\u0151 funkci\u00f3j\u00e1t, hiszen a munkav\u00e9gz\u00e9s sor\u00e1n terhel\u00e9snek van kit\u00e9ve. Ez\u00e9rt fontos a munkanap v\u00e9gezt\u00e9vel olyan Plum b\u0151r\u00e1pol\u00f3 kr\u00e9met haszn\u00e1lni, amely el\u0151seg\u00edti read more<\/p>\n","protected":false},"author":2,"featured_media":0,"parent":0,"menu_order":0,"comment_status":"closed","ping_status":"closed","template":"","meta":{"footnotes":""},"class_list":["post-1915","page","type-page","status-publish","hentry","no-thumb"],"_links":{"self":[{"href":"https:\/\/plum.hu\/en\/wp-json\/wp\/v2\/pages\/1915","targetHints":{"allow":["GET"]}}],"collection":[{"href":"https:\/\/plum.hu\/en\/wp-json\/wp\/v2\/pages"}],"about":[{"href":"https:\/\/plum.hu\/en\/wp-json\/wp\/v2\/types\/page"}],"author":[{"embeddable":true,"href":"https:\/\/plum.hu\/en\/wp-json\/wp\/v2\/users\/2"}],"replies":[{"embeddable":true,"href":"https:\/\/plum.hu\/en\/wp-json\/wp\/v2\/comments?post=1915"}],"version-history":[{"count":81,"href":"https:\/\/plum.hu\/en\/wp-json\/wp\/v2\/pages\/1915\/revisions"}],"predecessor-version":[{"id":6152,"href":"https:\/\/plum.hu\/en\/wp-json\/wp\/v2\/pages\/1915\/revisions\/6152"}],"wp:attachment":[{"href":"https:\/\/plum.hu\/en\/wp-json\/wp\/v2\/media?parent=1915"}],"curies":[{"name":"wp","href":"https:\/\/api.w.org\/{rel}","templated":true}]}}