{"id":1947,"date":"2017-03-02T17:16:43","date_gmt":"2017-03-02T17:16:43","guid":{"rendered":"https:\/\/plum.hu\/?page_id=1947"},"modified":"2023-02-13T17:41:51","modified_gmt":"2023-02-13T16:41:51","slug":"kezfertotlenitok","status":"publish","type":"page","link":"https:\/\/plum.hu\/en\/hand-disinfectors\/","title":{"rendered":"Hand disinfectors"},"content":{"rendered":"<p>K\u00e9zfert\u0151tlen\u00edt\u0151k Sokat utazik, vagy munk\u00e1j\u00e1b\u00f3l ad\u00f3d\u00f3an sok k\u00fcl\u00f6nb\u00f6z\u0151 emberrel \u00e9rintkezik napk\u00f6zben, esetleg p\u00e9nzt kezel? Ha mindek\u00f6zben biztons\u00e1gban szeretn\u00e9 \u00e9rezni mag\u00e1t a bakt\u00e9riumok, v\u00edrusok \u00e9s gomb\u00e1k okozta fert\u0151z\u00e9sekkel szemben, pr\u00f3b\u00e1lja ki k\u00e9zfert\u0151tlen\u00edt\u0151inket! Me <a href=\"https:\/\/plum.hu\/en\/hand-disinfectors\/\" title=\"Read more on Hand disinfectors\" class=\"more-link\">read more<\/a><\/p>\n","protected":false},"excerpt":{"rendered":"<p>K\u00e9zfert\u0151tlen\u00edt\u0151k Sokat utazik, vagy munk\u00e1j\u00e1b\u00f3l ad\u00f3d\u00f3an sok k\u00fcl\u00f6nb\u00f6z\u0151 emberrel \u00e9rintkezik napk\u00f6zben, esetleg p\u00e9nzt kezel? Ha mindek\u00f6zben biztons\u00e1gban szeretn\u00e9 \u00e9rezni mag\u00e1t a bakt\u00e9riumok, v\u00edrusok \u00e9s gomb\u00e1k okozta fert\u0151z\u00e9sekkel szemben, pr\u00f3b\u00e1lja ki k\u00e9zfert\u0151tlen\u00edt\u0151inket! Me read more<\/p>\n","protected":false},"author":2,"featured_media":0,"parent":0,"menu_order":0,"comment_status":"closed","ping_status":"closed","template":"","meta":{"footnotes":""},"class_list":["post-1947","page","type-page","status-publish","hentry","no-thumb"],"_links":{"self":[{"href":"https:\/\/plum.hu\/en\/wp-json\/wp\/v2\/pages\/1947","targetHints":{"allow":["GET"]}}],"collection":[{"href":"https:\/\/plum.hu\/en\/wp-json\/wp\/v2\/pages"}],"about":[{"href":"https:\/\/plum.hu\/en\/wp-json\/wp\/v2\/types\/page"}],"author":[{"embeddable":true,"href":"https:\/\/plum.hu\/en\/wp-json\/wp\/v2\/users\/2"}],"replies":[{"embeddable":true,"href":"https:\/\/plum.hu\/en\/wp-json\/wp\/v2\/comments?post=1947"}],"version-history":[{"count":51,"href":"https:\/\/plum.hu\/en\/wp-json\/wp\/v2\/pages\/1947\/revisions"}],"predecessor-version":[{"id":6128,"href":"https:\/\/plum.hu\/en\/wp-json\/wp\/v2\/pages\/1947\/revisions\/6128"}],"wp:attachment":[{"href":"https:\/\/plum.hu\/en\/wp-json\/wp\/v2\/media?parent=1947"}],"curies":[{"name":"wp","href":"https:\/\/api.w.org\/{rel}","templated":true}]}}