{"id":1949,"date":"2017-03-02T17:17:28","date_gmt":"2017-03-02T17:17:28","guid":{"rendered":"https:\/\/plum.hu\/?page_id=1949"},"modified":"2023-02-13T17:58:29","modified_gmt":"2023-02-13T16:58:29","slug":"kremszappanok","status":"publish","type":"page","link":"https:\/\/plum.hu\/en\/soaps-shower-gels\/","title":{"rendered":"Soaps, shower gels"},"content":{"rendered":"<p>Kr\u00e9mszappanok, tusf\u00fcrd\u0151k Az optim\u00e1lis b\u0151rtiszt\u00edt\u00e1s k\u00edm\u00e9letes, de hat\u00e9kony \u00e9s minden t\u00edpus\u00fa szennyez\u0151d\u00e9shez alkalmazkodik. Amennyiben lehets\u00e9ges, a k\u00e9ztiszt\u00edt\u00f3k helyett a kr\u00e9mszappanok haszn\u00e1lat\u00e1t javasoljuk. Kiilto Care Erilen Hair &amp; Body Gazdag habz\u00e1s\u00fa, gyeng\u00e9d, fr <a href=\"https:\/\/plum.hu\/en\/soaps-shower-gels\/\" title=\"Read more on Soaps, shower gels\" class=\"more-link\">read more<\/a><\/p>\n","protected":false},"excerpt":{"rendered":"<p>Kr\u00e9mszappanok, tusf\u00fcrd\u0151k Az optim\u00e1lis b\u0151rtiszt\u00edt\u00e1s k\u00edm\u00e9letes, de hat\u00e9kony \u00e9s minden t\u00edpus\u00fa szennyez\u0151d\u00e9shez alkalmazkodik. Amennyiben lehets\u00e9ges, a k\u00e9ztiszt\u00edt\u00f3k helyett a kr\u00e9mszappanok haszn\u00e1lat\u00e1t javasoljuk. Kiilto Care Erilen Hair &amp; Body Gazdag habz\u00e1s\u00fa, gyeng\u00e9d, fr read more<\/p>\n","protected":false},"author":2,"featured_media":0,"parent":0,"menu_order":0,"comment_status":"closed","ping_status":"closed","template":"","meta":{"footnotes":""},"class_list":["post-1949","page","type-page","status-publish","hentry","no-thumb"],"_links":{"self":[{"href":"https:\/\/plum.hu\/en\/wp-json\/wp\/v2\/pages\/1949","targetHints":{"allow":["GET"]}}],"collection":[{"href":"https:\/\/plum.hu\/en\/wp-json\/wp\/v2\/pages"}],"about":[{"href":"https:\/\/plum.hu\/en\/wp-json\/wp\/v2\/types\/page"}],"author":[{"embeddable":true,"href":"https:\/\/plum.hu\/en\/wp-json\/wp\/v2\/users\/2"}],"replies":[{"embeddable":true,"href":"https:\/\/plum.hu\/en\/wp-json\/wp\/v2\/comments?post=1949"}],"version-history":[{"count":64,"href":"https:\/\/plum.hu\/en\/wp-json\/wp\/v2\/pages\/1949\/revisions"}],"predecessor-version":[{"id":6151,"href":"https:\/\/plum.hu\/en\/wp-json\/wp\/v2\/pages\/1949\/revisions\/6151"}],"wp:attachment":[{"href":"https:\/\/plum.hu\/en\/wp-json\/wp\/v2\/media?parent=1949"}],"curies":[{"name":"wp","href":"https:\/\/api.w.org\/{rel}","templated":true}]}}