{"id":1951,"date":"2017-03-02T17:17:52","date_gmt":"2017-03-02T17:17:52","guid":{"rendered":"https:\/\/plum.hu\/?page_id=1951"},"modified":"2023-02-13T17:53:58","modified_gmt":"2023-02-13T16:53:58","slug":"adagolo-rendszerek","status":"publish","type":"page","link":"https:\/\/plum.hu\/en\/dispensers\/","title":{"rendered":"Dispensers"},"content":{"rendered":"<p>Plum adagol\u00f3 rendszerek A k\u00e9zfert\u0151tlen\u00edt\u0151knek \u00e9s egy\u00e9b b\u0151rtiszt\u00edt\u00f3 szereknek munka k\u00f6zben is mindig k\u00e9zn\u00e9l kell lenni\u00fck \u2013 ez egyszer\u0171en haszn\u00e1lhat\u00f3 adagol\u00f3 rendszereinknek k\u00f6sz\u00f6nhet\u0151en k\u00f6nnyed\u00e9n megoldhat\u00f3. Az eredm\u00e9ny: tiszta \u00e9s eg\u00e9szs\u00e9ges b\u0151r a nap 24 \u00f3r\u00e1j\u00e1ban. Term\u00e9k <a href=\"https:\/\/plum.hu\/en\/dispensers\/\" title=\"Read more on Dispensers\" class=\"more-link\">read more<\/a><\/p>\n","protected":false},"excerpt":{"rendered":"<p>Plum adagol\u00f3 rendszerek A k\u00e9zfert\u0151tlen\u00edt\u0151knek \u00e9s egy\u00e9b b\u0151rtiszt\u00edt\u00f3 szereknek munka k\u00f6zben is mindig k\u00e9zn\u00e9l kell lenni\u00fck \u2013 ez egyszer\u0171en haszn\u00e1lhat\u00f3 adagol\u00f3 rendszereinknek k\u00f6sz\u00f6nhet\u0151en k\u00f6nnyed\u00e9n megoldhat\u00f3. Az eredm\u00e9ny: tiszta \u00e9s eg\u00e9szs\u00e9ges b\u0151r a nap 24 \u00f3r\u00e1j\u00e1ban. Term\u00e9k read more<\/p>\n","protected":false},"author":2,"featured_media":0,"parent":0,"menu_order":0,"comment_status":"closed","ping_status":"closed","template":"","meta":{"footnotes":""},"class_list":["post-1951","page","type-page","status-publish","hentry","no-thumb"],"_links":{"self":[{"href":"https:\/\/plum.hu\/en\/wp-json\/wp\/v2\/pages\/1951","targetHints":{"allow":["GET"]}}],"collection":[{"href":"https:\/\/plum.hu\/en\/wp-json\/wp\/v2\/pages"}],"about":[{"href":"https:\/\/plum.hu\/en\/wp-json\/wp\/v2\/types\/page"}],"author":[{"embeddable":true,"href":"https:\/\/plum.hu\/en\/wp-json\/wp\/v2\/users\/2"}],"replies":[{"embeddable":true,"href":"https:\/\/plum.hu\/en\/wp-json\/wp\/v2\/comments?post=1951"}],"version-history":[{"count":64,"href":"https:\/\/plum.hu\/en\/wp-json\/wp\/v2\/pages\/1951\/revisions"}],"predecessor-version":[{"id":6148,"href":"https:\/\/plum.hu\/en\/wp-json\/wp\/v2\/pages\/1951\/revisions\/6148"}],"wp:attachment":[{"href":"https:\/\/plum.hu\/en\/wp-json\/wp\/v2\/media?parent=1951"}],"curies":[{"name":"wp","href":"https:\/\/api.w.org\/{rel}","templated":true}]}}