{"id":2016,"date":"2017-03-03T10:52:44","date_gmt":"2017-03-03T10:52:44","guid":{"rendered":"https:\/\/plum.hu\/?page_id=2016"},"modified":"2024-01-31T16:57:22","modified_gmt":"2024-01-31T15:57:22","slug":"elsosegely-2","status":"publish","type":"page","link":"https:\/\/plum.hu\/en\/workplace-safety\/","title":{"rendered":"Workplace safety"},"content":{"rendered":"<p>A biztons\u00e1gos \u00e9s eg\u00e9szs\u00e9ges munkahelyi k\u00f6rnyezet\u00e9rt A munkahelyi balesetek a gazdas\u00e1g valamennyi \u00e1gazat\u00e1t \u00e9rintik. Mind a munkav\u00e1llal\u00f3k eg\u00e9szs\u00e9ge, mind a z\u00f6kken\u0151mentes termel\u00e9si folyamat \u00e9rdek\u00e9ben nagy hangs\u00falyt kell fektetni a balesetek megel\u0151z\u00e9s\u00e9re, illetve a megfelel <a href=\"https:\/\/plum.hu\/en\/workplace-safety\/\" title=\"Read more on Workplace safety\" class=\"more-link\">read more<\/a><\/p>\n","protected":false},"excerpt":{"rendered":"<p>A biztons\u00e1gos \u00e9s eg\u00e9szs\u00e9ges munkahelyi k\u00f6rnyezet\u00e9rt A munkahelyi balesetek a gazdas\u00e1g valamennyi \u00e1gazat\u00e1t \u00e9rintik. Mind a munkav\u00e1llal\u00f3k eg\u00e9szs\u00e9ge, mind a z\u00f6kken\u0151mentes termel\u00e9si folyamat \u00e9rdek\u00e9ben nagy hangs\u00falyt kell fektetni a balesetek megel\u0151z\u00e9s\u00e9re, illetve a megfelel read more<\/p>\n","protected":false},"author":2,"featured_media":0,"parent":0,"menu_order":0,"comment_status":"closed","ping_status":"closed","template":"","meta":{"footnotes":""},"class_list":["post-2016","page","type-page","status-publish","hentry","no-thumb"],"_links":{"self":[{"href":"https:\/\/plum.hu\/en\/wp-json\/wp\/v2\/pages\/2016","targetHints":{"allow":["GET"]}}],"collection":[{"href":"https:\/\/plum.hu\/en\/wp-json\/wp\/v2\/pages"}],"about":[{"href":"https:\/\/plum.hu\/en\/wp-json\/wp\/v2\/types\/page"}],"author":[{"embeddable":true,"href":"https:\/\/plum.hu\/en\/wp-json\/wp\/v2\/users\/2"}],"replies":[{"embeddable":true,"href":"https:\/\/plum.hu\/en\/wp-json\/wp\/v2\/comments?post=2016"}],"version-history":[{"count":52,"href":"https:\/\/plum.hu\/en\/wp-json\/wp\/v2\/pages\/2016\/revisions"}],"predecessor-version":[{"id":6249,"href":"https:\/\/plum.hu\/en\/wp-json\/wp\/v2\/pages\/2016\/revisions\/6249"}],"wp:attachment":[{"href":"https:\/\/plum.hu\/en\/wp-json\/wp\/v2\/media?parent=2016"}],"curies":[{"name":"wp","href":"https:\/\/api.w.org\/{rel}","templated":true}]}}