{"id":2027,"date":"2017-03-03T11:44:36","date_gmt":"2017-03-03T11:44:36","guid":{"rendered":"https:\/\/plum.hu\/?page_id=2027"},"modified":"2023-02-13T17:15:49","modified_gmt":"2023-02-13T16:15:49","slug":"borvedelem","status":"publish","type":"page","link":"https:\/\/plum.hu\/en\/hand-cleanser-and-skin-care-cream\/","title":{"rendered":"Hand cleansers and skin care creams"},"content":{"rendered":"<p>A PLUM 3 PONTOS B\u0150RV\u00c9DELMI PROGRAMJA B\u0151r\u00e1pol\u00e1s munkav\u00e9gz\u00e9s\u00a0el\u0151tt A munkav\u00e9gz\u00e9s el\u0151tt \u00e9s k\u00f6zben alkalmazott b\u0151r\u00e1pol\u00f3 kr\u00e9m hozz\u00e1j\u00e1rul a b\u0151r term\u00e9szetes v\u00e9dekez\u0151 funkci\u00f3j\u00e1nak fenntart\u00e1s\u00e1hoz \u00e9s megk\u00f6nny\u00edti a b\u0151r tiszt\u00edt\u00e1s\u00e1t. A b\u0151r\u00e1pol\u00f3 kr\u00e9m haszn\u00e1lata mellett k\u00edm\u00e9l\u0151bb tiszt <a href=\"https:\/\/plum.hu\/en\/hand-cleanser-and-skin-care-cream\/\" title=\"Read more on Hand cleansers and skin care creams\" class=\"more-link\">read more<\/a><\/p>\n","protected":false},"excerpt":{"rendered":"<p>A PLUM 3 PONTOS B\u0150RV\u00c9DELMI PROGRAMJA B\u0151r\u00e1pol\u00e1s munkav\u00e9gz\u00e9s\u00a0el\u0151tt A munkav\u00e9gz\u00e9s el\u0151tt \u00e9s k\u00f6zben alkalmazott b\u0151r\u00e1pol\u00f3 kr\u00e9m hozz\u00e1j\u00e1rul a b\u0151r term\u00e9szetes v\u00e9dekez\u0151 funkci\u00f3j\u00e1nak fenntart\u00e1s\u00e1hoz \u00e9s megk\u00f6nny\u00edti a b\u0151r tiszt\u00edt\u00e1s\u00e1t. A b\u0151r\u00e1pol\u00f3 kr\u00e9m haszn\u00e1lata mellett k\u00edm\u00e9l\u0151bb tiszt read more<\/p>\n","protected":false},"author":2,"featured_media":0,"parent":0,"menu_order":0,"comment_status":"closed","ping_status":"closed","template":"","meta":{"footnotes":""},"class_list":["post-2027","page","type-page","status-publish","hentry","no-thumb"],"_links":{"self":[{"href":"https:\/\/plum.hu\/en\/wp-json\/wp\/v2\/pages\/2027","targetHints":{"allow":["GET"]}}],"collection":[{"href":"https:\/\/plum.hu\/en\/wp-json\/wp\/v2\/pages"}],"about":[{"href":"https:\/\/plum.hu\/en\/wp-json\/wp\/v2\/types\/page"}],"author":[{"embeddable":true,"href":"https:\/\/plum.hu\/en\/wp-json\/wp\/v2\/users\/2"}],"replies":[{"embeddable":true,"href":"https:\/\/plum.hu\/en\/wp-json\/wp\/v2\/comments?post=2027"}],"version-history":[{"count":58,"href":"https:\/\/plum.hu\/en\/wp-json\/wp\/v2\/pages\/2027\/revisions"}],"predecessor-version":[{"id":6116,"href":"https:\/\/plum.hu\/en\/wp-json\/wp\/v2\/pages\/2027\/revisions\/6116"}],"wp:attachment":[{"href":"https:\/\/plum.hu\/en\/wp-json\/wp\/v2\/media?parent=2027"}],"curies":[{"name":"wp","href":"https:\/\/api.w.org\/{rel}","templated":true}]}}