{"id":2054,"date":"2017-03-03T13:32:48","date_gmt":"2017-03-03T13:32:48","guid":{"rendered":"https:\/\/plum.hu\/?page_id=2054"},"modified":"2024-02-01T13:14:13","modified_gmt":"2024-02-01T12:14:13","slug":"szemkimosok","status":"publish","type":"page","link":"https:\/\/plum.hu\/en\/eyewashes\/","title":{"rendered":"Eye wash solutions"},"content":{"rendered":"<p>Szemkimos\u00f3k A szem\u00fcnk a term\u00e9szet remekm\u0171ve \u00e9s az ember\u00a0legfontosabb \u00e9rz\u00e9kszerve. A l\u00e1t\u00e1st csak a sok apr\u00f3 alkot\u00f3 k\u00f6lcs\u00f6nhat\u00e1sa teszi lehet\u0151v\u00e9 ebben az \u00e9rz\u00e9keny szervben. Az \u00e9rz\u00e9kszervi benyom\u00e1sok t\u00f6bb mint 90%-a a\u00a0 szemen kereszt\u00fcl \u00e9rkezik. Mindez el\u00e9g ok arra, hogy k\u00fc <a href=\"https:\/\/plum.hu\/en\/eyewashes\/\" title=\"Read more on Eye wash solutions\" class=\"more-link\">read more<\/a><\/p>\n","protected":false},"excerpt":{"rendered":"<p>Szemkimos\u00f3k A szem\u00fcnk a term\u00e9szet remekm\u0171ve \u00e9s az ember\u00a0legfontosabb \u00e9rz\u00e9kszerve. A l\u00e1t\u00e1st csak a sok apr\u00f3 alkot\u00f3 k\u00f6lcs\u00f6nhat\u00e1sa teszi lehet\u0151v\u00e9 ebben az \u00e9rz\u00e9keny szervben. Az \u00e9rz\u00e9kszervi benyom\u00e1sok t\u00f6bb mint 90%-a a\u00a0 szemen kereszt\u00fcl \u00e9rkezik. Mindez el\u00e9g ok arra, hogy k\u00fc read more<\/p>\n","protected":false},"author":2,"featured_media":0,"parent":0,"menu_order":0,"comment_status":"closed","ping_status":"closed","template":"","meta":{"footnotes":""},"class_list":["post-2054","page","type-page","status-publish","hentry","no-thumb"],"_links":{"self":[{"href":"https:\/\/plum.hu\/en\/wp-json\/wp\/v2\/pages\/2054","targetHints":{"allow":["GET"]}}],"collection":[{"href":"https:\/\/plum.hu\/en\/wp-json\/wp\/v2\/pages"}],"about":[{"href":"https:\/\/plum.hu\/en\/wp-json\/wp\/v2\/types\/page"}],"author":[{"embeddable":true,"href":"https:\/\/plum.hu\/en\/wp-json\/wp\/v2\/users\/2"}],"replies":[{"embeddable":true,"href":"https:\/\/plum.hu\/en\/wp-json\/wp\/v2\/comments?post=2054"}],"version-history":[{"count":124,"href":"https:\/\/plum.hu\/en\/wp-json\/wp\/v2\/pages\/2054\/revisions"}],"predecessor-version":[{"id":6262,"href":"https:\/\/plum.hu\/en\/wp-json\/wp\/v2\/pages\/2054\/revisions\/6262"}],"wp:attachment":[{"href":"https:\/\/plum.hu\/en\/wp-json\/wp\/v2\/media?parent=2054"}],"curies":[{"name":"wp","href":"https:\/\/api.w.org\/{rel}","templated":true}]}}