{"id":2056,"date":"2017-03-03T13:33:03","date_gmt":"2017-03-03T13:33:03","guid":{"rendered":"https:\/\/plum.hu\/?page_id=2056"},"modified":"2024-01-31T16:39:14","modified_gmt":"2024-01-31T15:39:14","slug":"ragtapaszok","status":"publish","type":"page","link":"https:\/\/plum.hu\/en\/plasters\/","title":{"rendered":"Plasters"},"content":{"rendered":"<p>Sebtapaszok Gyors, egyszer\u0171 \u00e9s higi\u00e9nikus seg\u00edts\u00e9gny\u00fajt\u00e1s apr\u00f3 sebek eset\u00e9n Az els\u0151seg\u00e9ly doboz j\u00f3l haszn\u00e1lhat\u00f3 komolyabb balesetek eset\u00e9n, de kisebb s\u00e9r\u00fcl\u00e9sek minden nap t\u00f6rt\u00e9nnek a munkahelyeken. A legt\u00f6bb esetben szerencs\u00e9re csak egy sebtapaszra van sz\u00fcks\u00e9g\u00fcnk, amely <a href=\"https:\/\/plum.hu\/en\/plasters\/\" title=\"Read more on Plasters\" class=\"more-link\">read more<\/a><\/p>\n","protected":false},"excerpt":{"rendered":"<p>Sebtapaszok Gyors, egyszer\u0171 \u00e9s higi\u00e9nikus seg\u00edts\u00e9gny\u00fajt\u00e1s apr\u00f3 sebek eset\u00e9n Az els\u0151seg\u00e9ly doboz j\u00f3l haszn\u00e1lhat\u00f3 komolyabb balesetek eset\u00e9n, de kisebb s\u00e9r\u00fcl\u00e9sek minden nap t\u00f6rt\u00e9nnek a munkahelyeken. A legt\u00f6bb esetben szerencs\u00e9re csak egy sebtapaszra van sz\u00fcks\u00e9g\u00fcnk, amely read more<\/p>\n","protected":false},"author":2,"featured_media":0,"parent":0,"menu_order":0,"comment_status":"closed","ping_status":"closed","template":"","meta":{"footnotes":""},"class_list":["post-2056","page","type-page","status-publish","hentry","no-thumb"],"_links":{"self":[{"href":"https:\/\/plum.hu\/en\/wp-json\/wp\/v2\/pages\/2056","targetHints":{"allow":["GET"]}}],"collection":[{"href":"https:\/\/plum.hu\/en\/wp-json\/wp\/v2\/pages"}],"about":[{"href":"https:\/\/plum.hu\/en\/wp-json\/wp\/v2\/types\/page"}],"author":[{"embeddable":true,"href":"https:\/\/plum.hu\/en\/wp-json\/wp\/v2\/users\/2"}],"replies":[{"embeddable":true,"href":"https:\/\/plum.hu\/en\/wp-json\/wp\/v2\/comments?post=2056"}],"version-history":[{"count":88,"href":"https:\/\/plum.hu\/en\/wp-json\/wp\/v2\/pages\/2056\/revisions"}],"predecessor-version":[{"id":6247,"href":"https:\/\/plum.hu\/en\/wp-json\/wp\/v2\/pages\/2056\/revisions\/6247"}],"wp:attachment":[{"href":"https:\/\/plum.hu\/en\/wp-json\/wp\/v2\/media?parent=2056"}],"curies":[{"name":"wp","href":"https:\/\/api.w.org\/{rel}","templated":true}]}}