{"id":2068,"date":"2017-03-03T13:38:39","date_gmt":"2017-03-03T13:38:39","guid":{"rendered":"https:\/\/plum.hu\/?page_id=2068"},"modified":"2023-02-13T15:47:37","modified_gmt":"2023-02-13T14:47:37","slug":"autoipar-szerelomuhelyek","status":"publish","type":"page","link":"https:\/\/plum.hu\/en\/magyar-autoipar-szerelomuhelyek\/","title":{"rendered":"(Magyar) Aut\u00f3ipar, szerel\u0151m\u0171helyek"},"content":{"rendered":"<p>Aut\u00f3ipar, szerel\u0151m\u0171helyek Szerel\u0151m\u0171helyekben dolgoz\u00f3knak gyakran kell sz\u00e1molniuk olyan makacs, olajos szennyez\u0151d\u00e9sekkel, melyeket szinte lehetetlennek t\u0171nik elt\u00e1vol\u00edtani a b\u0151rr\u0151l. Azok a k\u00e9ztiszt\u00edt\u00f3k, melyek val\u00f3ban hat\u00e9konyak, gyakran rengeteg k\u00e1ros anyagot tartalmazna <a href=\"https:\/\/plum.hu\/en\/magyar-autoipar-szerelomuhelyek\/\" title=\"Read more on (Magyar) Aut\u00f3ipar, szerel\u0151m\u0171helyek\" class=\"more-link\">read more<\/a><\/p>\n","protected":false},"excerpt":{"rendered":"<p>Aut\u00f3ipar, szerel\u0151m\u0171helyek Szerel\u0151m\u0171helyekben dolgoz\u00f3knak gyakran kell sz\u00e1molniuk olyan makacs, olajos szennyez\u0151d\u00e9sekkel, melyeket szinte lehetetlennek t\u0171nik elt\u00e1vol\u00edtani a b\u0151rr\u0151l. Azok a k\u00e9ztiszt\u00edt\u00f3k, melyek val\u00f3ban hat\u00e9konyak, gyakran rengeteg k\u00e1ros anyagot tartalmazna read more<\/p>\n","protected":false},"author":2,"featured_media":0,"parent":0,"menu_order":0,"comment_status":"closed","ping_status":"closed","template":"","meta":{"footnotes":""},"class_list":["post-2068","page","type-page","status-publish","hentry","no-thumb"],"_links":{"self":[{"href":"https:\/\/plum.hu\/en\/wp-json\/wp\/v2\/pages\/2068","targetHints":{"allow":["GET"]}}],"collection":[{"href":"https:\/\/plum.hu\/en\/wp-json\/wp\/v2\/pages"}],"about":[{"href":"https:\/\/plum.hu\/en\/wp-json\/wp\/v2\/types\/page"}],"author":[{"embeddable":true,"href":"https:\/\/plum.hu\/en\/wp-json\/wp\/v2\/users\/2"}],"replies":[{"embeddable":true,"href":"https:\/\/plum.hu\/en\/wp-json\/wp\/v2\/comments?post=2068"}],"version-history":[{"count":12,"href":"https:\/\/plum.hu\/en\/wp-json\/wp\/v2\/pages\/2068\/revisions"}],"predecessor-version":[{"id":6093,"href":"https:\/\/plum.hu\/en\/wp-json\/wp\/v2\/pages\/2068\/revisions\/6093"}],"wp:attachment":[{"href":"https:\/\/plum.hu\/en\/wp-json\/wp\/v2\/media?parent=2068"}],"curies":[{"name":"wp","href":"https:\/\/api.w.org\/{rel}","templated":true}]}}