{"id":2080,"date":"2017-03-03T13:42:24","date_gmt":"2017-03-03T13:42:24","guid":{"rendered":"https:\/\/plum.hu\/?page_id=2080"},"modified":"2024-03-25T15:29:47","modified_gmt":"2024-03-25T14:29:47","slug":"katalogusok","status":"publish","type":"page","link":"https:\/\/plum.hu\/en\/catalogues\/","title":{"rendered":"Catalogues"},"content":{"rendered":"<p>Katal\u00f3gusok Err\u0151l az oldalr\u00f3l egyszer\u0171en let\u00f6ltheti aktu\u00e1lis katal\u00f3gusainkat, term\u00e9kismertet\u0151inket, pdf form\u00e1tumban. Kattintson a Let\u00f6lt\u00e9s gombra &#8211; a f\u00e1jl \u00faj ablakban ny\u00edlik meg. Term\u00e9kkatal\u00f3gusaink K\u00e9zhigi\u00e9niai term\u00e9kkatal\u00f3gus \u00c9p\u00fclettiszt\u00edt\u00e1s term\u00e9kkatal\u00f3gus Prob <a href=\"https:\/\/plum.hu\/en\/catalogues\/\" title=\"Read more on Catalogues\" class=\"more-link\">read more<\/a><\/p>\n","protected":false},"excerpt":{"rendered":"<p>Katal\u00f3gusok Err\u0151l az oldalr\u00f3l egyszer\u0171en let\u00f6ltheti aktu\u00e1lis katal\u00f3gusainkat, term\u00e9kismertet\u0151inket, pdf form\u00e1tumban. Kattintson a Let\u00f6lt\u00e9s gombra &#8211; a f\u00e1jl \u00faj ablakban ny\u00edlik meg. Term\u00e9kkatal\u00f3gusaink K\u00e9zhigi\u00e9niai term\u00e9kkatal\u00f3gus \u00c9p\u00fclettiszt\u00edt\u00e1s term\u00e9kkatal\u00f3gus Prob read more<\/p>\n","protected":false},"author":2,"featured_media":0,"parent":0,"menu_order":0,"comment_status":"closed","ping_status":"closed","template":"","meta":{"footnotes":""},"class_list":["post-2080","page","type-page","status-publish","hentry","no-thumb"],"_links":{"self":[{"href":"https:\/\/plum.hu\/en\/wp-json\/wp\/v2\/pages\/2080","targetHints":{"allow":["GET"]}}],"collection":[{"href":"https:\/\/plum.hu\/en\/wp-json\/wp\/v2\/pages"}],"about":[{"href":"https:\/\/plum.hu\/en\/wp-json\/wp\/v2\/types\/page"}],"author":[{"embeddable":true,"href":"https:\/\/plum.hu\/en\/wp-json\/wp\/v2\/users\/2"}],"replies":[{"embeddable":true,"href":"https:\/\/plum.hu\/en\/wp-json\/wp\/v2\/comments?post=2080"}],"version-history":[{"count":196,"href":"https:\/\/plum.hu\/en\/wp-json\/wp\/v2\/pages\/2080\/revisions"}],"predecessor-version":[{"id":6268,"href":"https:\/\/plum.hu\/en\/wp-json\/wp\/v2\/pages\/2080\/revisions\/6268"}],"wp:attachment":[{"href":"https:\/\/plum.hu\/en\/wp-json\/wp\/v2\/media?parent=2080"}],"curies":[{"name":"wp","href":"https:\/\/api.w.org\/{rel}","templated":true}]}}