{"id":24,"date":"2016-05-11T09:49:37","date_gmt":"2016-05-11T09:49:37","guid":{"rendered":"https:\/\/plum.hu\/?page_id=24"},"modified":"2023-02-13T17:55:24","modified_gmt":"2023-02-13T16:55:24","slug":"typography","status":"publish","type":"page","link":"https:\/\/plum.hu\/en\/skin-protection-creams\/","title":{"rendered":"Skin protection creams"},"content":{"rendered":"<p>Plum b\u0151rv\u00e9d\u0151 kr\u00e9mek A munkav\u00e9gz\u00e9s megkezd\u00e9se el\u0151tt haszn\u00e1ljon munkav\u00e9delmi kr\u00e9met! Ez seg\u00edti b\u0151re felk\u00e9sz\u00fcl\u00e9s\u00e9t a munkav\u00e9gz\u00e9s sor\u00e1n a k\u00fcl\u00f6nb\u00f6z\u0151 behat\u00e1sokkal szembeni v\u00e9delemre.\u00a0Megakad\u00e1lyozz\u00e1k a szennyez\u0151d\u00e9sek b\u0151rbe iv\u00f3d\u00e1s\u00e1t, ez\u00e1ltal a megfelel\u0151 tiszt\u00edt\u00e1shoz kevesebb \u00e9s <a href=\"https:\/\/plum.hu\/en\/skin-protection-creams\/\" title=\"Read more on Skin protection creams\" class=\"more-link\">read more<\/a><\/p>\n","protected":false},"excerpt":{"rendered":"<p>Plum b\u0151rv\u00e9d\u0151 kr\u00e9mek A munkav\u00e9gz\u00e9s megkezd\u00e9se el\u0151tt haszn\u00e1ljon munkav\u00e9delmi kr\u00e9met! Ez seg\u00edti b\u0151re felk\u00e9sz\u00fcl\u00e9s\u00e9t a munkav\u00e9gz\u00e9s sor\u00e1n a k\u00fcl\u00f6nb\u00f6z\u0151 behat\u00e1sokkal szembeni v\u00e9delemre.\u00a0Megakad\u00e1lyozz\u00e1k a szennyez\u0151d\u00e9sek b\u0151rbe iv\u00f3d\u00e1s\u00e1t, ez\u00e1ltal a megfelel\u0151 tiszt\u00edt\u00e1shoz kevesebb \u00e9s read more<\/p>\n","protected":false},"author":1,"featured_media":0,"parent":0,"menu_order":0,"comment_status":"closed","ping_status":"closed","template":"","meta":{"footnotes":""},"class_list":["post-24","page","type-page","status-publish","hentry","no-thumb"],"_links":{"self":[{"href":"https:\/\/plum.hu\/en\/wp-json\/wp\/v2\/pages\/24","targetHints":{"allow":["GET"]}}],"collection":[{"href":"https:\/\/plum.hu\/en\/wp-json\/wp\/v2\/pages"}],"about":[{"href":"https:\/\/plum.hu\/en\/wp-json\/wp\/v2\/types\/page"}],"author":[{"embeddable":true,"href":"https:\/\/plum.hu\/en\/wp-json\/wp\/v2\/users\/1"}],"replies":[{"embeddable":true,"href":"https:\/\/plum.hu\/en\/wp-json\/wp\/v2\/comments?post=24"}],"version-history":[{"count":77,"href":"https:\/\/plum.hu\/en\/wp-json\/wp\/v2\/pages\/24\/revisions"}],"predecessor-version":[{"id":6149,"href":"https:\/\/plum.hu\/en\/wp-json\/wp\/v2\/pages\/24\/revisions\/6149"}],"wp:attachment":[{"href":"https:\/\/plum.hu\/en\/wp-json\/wp\/v2\/media?parent=24"}],"curies":[{"name":"wp","href":"https:\/\/api.w.org\/{rel}","templated":true}]}}