{"id":3681,"date":"2017-06-13T12:38:48","date_gmt":"2017-06-13T12:38:48","guid":{"rendered":"https:\/\/plum.hu\/?page_id=3681"},"modified":"2017-09-12T09:04:58","modified_gmt":"2017-09-12T09:04:58","slug":"autoszerelok-figyelem","status":"publish","type":"page","link":"https:\/\/plum.hu\/en\/magyar-autoszerelok-figyelem\/","title":{"rendered":"(Magyar) Aut\u00f3szerel\u0151k, figyelem!"},"content":{"rendered":"<p>Fogadjunk, erre a k\u00e9ztiszt\u00edt\u00f3ra nem gondolt\u00e1l eddig! Ismer\u0151s a sztori? Eg\u00e9sz nap bent vagy a m\u0171helyben, rengeteg a mel\u00f3, a kezed csupa olaj&#8230; erre megsz\u00f3lal a telefon. Belemegy valami a szemedbe. Viszketni kezd a nyakad.&nbsp;Pont az ilyen helyzetekre fejlesztett\u00fck <a href=\"https:\/\/plum.hu\/en\/magyar-autoszerelok-figyelem\/\" title=\"Read more on (Magyar) Aut\u00f3szerel\u0151k, figyelem!\" class=\"more-link\">read more<\/a><\/p>\n","protected":false},"excerpt":{"rendered":"<p>Fogadjunk, erre a k\u00e9ztiszt\u00edt\u00f3ra nem gondolt\u00e1l eddig! Ismer\u0151s a sztori? Eg\u00e9sz nap bent vagy a m\u0171helyben, rengeteg a mel\u00f3, a kezed csupa olaj&#8230; erre megsz\u00f3lal a telefon. Belemegy valami a szemedbe. Viszketni kezd a nyakad.&nbsp;Pont az ilyen helyzetekre fejlesztett\u00fck read more<\/p>\n","protected":false},"author":2,"featured_media":0,"parent":0,"menu_order":0,"comment_status":"closed","ping_status":"closed","template":"","meta":{"footnotes":""},"class_list":["post-3681","page","type-page","status-publish","hentry","no-thumb"],"_links":{"self":[{"href":"https:\/\/plum.hu\/en\/wp-json\/wp\/v2\/pages\/3681","targetHints":{"allow":["GET"]}}],"collection":[{"href":"https:\/\/plum.hu\/en\/wp-json\/wp\/v2\/pages"}],"about":[{"href":"https:\/\/plum.hu\/en\/wp-json\/wp\/v2\/types\/page"}],"author":[{"embeddable":true,"href":"https:\/\/plum.hu\/en\/wp-json\/wp\/v2\/users\/2"}],"replies":[{"embeddable":true,"href":"https:\/\/plum.hu\/en\/wp-json\/wp\/v2\/comments?post=3681"}],"version-history":[{"count":71,"href":"https:\/\/plum.hu\/en\/wp-json\/wp\/v2\/pages\/3681\/revisions"}],"predecessor-version":[{"id":3813,"href":"https:\/\/plum.hu\/en\/wp-json\/wp\/v2\/pages\/3681\/revisions\/3813"}],"wp:attachment":[{"href":"https:\/\/plum.hu\/en\/wp-json\/wp\/v2\/media?parent=3681"}],"curies":[{"name":"wp","href":"https:\/\/api.w.org\/{rel}","templated":true}]}}