{"id":4314,"date":"2017-12-06T08:21:39","date_gmt":"2017-12-06T08:21:39","guid":{"rendered":"https:\/\/plum.hu\/?page_id=4314"},"modified":"2023-02-13T17:21:01","modified_gmt":"2023-02-13T16:21:01","slug":"ipari-tisztitoszerek","status":"publish","type":"page","link":"https:\/\/plum.hu\/en\/industrial-cleaning-products\/","title":{"rendered":"Industrial cleaning products"},"content":{"rendered":"<p>Ipari tiszt\u00edt\u00f3szerek Kiilto C4 Max Er\u0151sen l\u00fagos \u00e1ltal\u00e1nos tiszt\u00edt\u00f3szer, k\u00fcl\u00f6n\u00f6sen az olajos- \u00e9s zs\u00edros szennyez\u0151d\u00e9sek l\u00fag\u00e1ll\u00f3 fel\u00fcletekr\u0151l t\u00f6rt\u00e9n\u0151 elt\u00e1vol\u00edt\u00e1s\u00e1ra. Az oldat pH-ja az adagol\u00e1s f\u00fcggv\u00e9ny\u00e9ben v\u00e1ltozik. Alkalmas magasnyom\u00e1s\u00fa mos\u00f3khoz, habos\u00edt\u00f3 egys\u00e9gekhez \u00e9s m <a href=\"https:\/\/plum.hu\/en\/industrial-cleaning-products\/\" title=\"Read more on Industrial cleaning products\" class=\"more-link\">read more<\/a><\/p>\n","protected":false},"excerpt":{"rendered":"<p>Ipari tiszt\u00edt\u00f3szerek Kiilto C4 Max Er\u0151sen l\u00fagos \u00e1ltal\u00e1nos tiszt\u00edt\u00f3szer, k\u00fcl\u00f6n\u00f6sen az olajos- \u00e9s zs\u00edros szennyez\u0151d\u00e9sek l\u00fag\u00e1ll\u00f3 fel\u00fcletekr\u0151l t\u00f6rt\u00e9n\u0151 elt\u00e1vol\u00edt\u00e1s\u00e1ra. Az oldat pH-ja az adagol\u00e1s f\u00fcggv\u00e9ny\u00e9ben v\u00e1ltozik. Alkalmas magasnyom\u00e1s\u00fa mos\u00f3khoz, habos\u00edt\u00f3 egys\u00e9gekhez \u00e9s m read more<\/p>\n","protected":false},"author":2,"featured_media":0,"parent":0,"menu_order":0,"comment_status":"closed","ping_status":"closed","template":"","meta":{"footnotes":""},"class_list":["post-4314","page","type-page","status-publish","hentry","no-thumb"],"_links":{"self":[{"href":"https:\/\/plum.hu\/en\/wp-json\/wp\/v2\/pages\/4314","targetHints":{"allow":["GET"]}}],"collection":[{"href":"https:\/\/plum.hu\/en\/wp-json\/wp\/v2\/pages"}],"about":[{"href":"https:\/\/plum.hu\/en\/wp-json\/wp\/v2\/types\/page"}],"author":[{"embeddable":true,"href":"https:\/\/plum.hu\/en\/wp-json\/wp\/v2\/users\/2"}],"replies":[{"embeddable":true,"href":"https:\/\/plum.hu\/en\/wp-json\/wp\/v2\/comments?post=4314"}],"version-history":[{"count":12,"href":"https:\/\/plum.hu\/en\/wp-json\/wp\/v2\/pages\/4314\/revisions"}],"predecessor-version":[{"id":6118,"href":"https:\/\/plum.hu\/en\/wp-json\/wp\/v2\/pages\/4314\/revisions\/6118"}],"wp:attachment":[{"href":"https:\/\/plum.hu\/en\/wp-json\/wp\/v2\/media?parent=4314"}],"curies":[{"name":"wp","href":"https:\/\/api.w.org\/{rel}","templated":true}]}}