{"id":4566,"date":"2018-05-28T12:27:06","date_gmt":"2018-05-28T12:27:06","guid":{"rendered":"https:\/\/plum.hu\/?page_id=4566"},"modified":"2021-01-12T11:44:56","modified_gmt":"2021-01-12T11:44:56","slug":"adatkezelesi-tajekoztato","status":"publish","type":"page","link":"https:\/\/plum.hu\/en\/magyar-adatkezelesi-tajekoztato\/","title":{"rendered":"(Magyar) Adatkezel\u00e9si t\u00e1j\u00e9koztat\u00f3"},"content":{"rendered":"<p class=\"qtranxs-available-languages-message qtranxs-available-languages-message-en\">Sorry, this entry is only available in <a href=\"https:\/\/plum.hu\/hu\/wp-json\/wp\/v2\/pages\/4566\" class=\"qtranxs-available-language-link qtranxs-available-language-link-hu\" title=\"Magyar\">Magyar<\/a>.<\/p>","protected":false},"excerpt":{"rendered":"<p>Sorry, this entry is only available in Magyar.<\/p>\n","protected":false},"author":2,"featured_media":0,"parent":0,"menu_order":0,"comment_status":"closed","ping_status":"closed","template":"","meta":{"footnotes":""},"class_list":["post-4566","page","type-page","status-publish","hentry","no-thumb"],"_links":{"self":[{"href":"https:\/\/plum.hu\/en\/wp-json\/wp\/v2\/pages\/4566","targetHints":{"allow":["GET"]}}],"collection":[{"href":"https:\/\/plum.hu\/en\/wp-json\/wp\/v2\/pages"}],"about":[{"href":"https:\/\/plum.hu\/en\/wp-json\/wp\/v2\/types\/page"}],"author":[{"embeddable":true,"href":"https:\/\/plum.hu\/en\/wp-json\/wp\/v2\/users\/2"}],"replies":[{"embeddable":true,"href":"https:\/\/plum.hu\/en\/wp-json\/wp\/v2\/comments?post=4566"}],"version-history":[{"count":4,"href":"https:\/\/plum.hu\/en\/wp-json\/wp\/v2\/pages\/4566\/revisions"}],"predecessor-version":[{"id":5505,"href":"https:\/\/plum.hu\/en\/wp-json\/wp\/v2\/pages\/4566\/revisions\/5505"}],"wp:attachment":[{"href":"https:\/\/plum.hu\/en\/wp-json\/wp\/v2\/media?parent=4566"}],"curies":[{"name":"wp","href":"https:\/\/api.w.org\/{rel}","templated":true}]}}