{"id":5148,"date":"2019-07-22T12:34:16","date_gmt":"2019-07-22T12:34:16","guid":{"rendered":"https:\/\/plum.hu\/?page_id=5148"},"modified":"2023-02-13T17:09:12","modified_gmt":"2023-02-13T16:09:12","slug":"fertotlenitok","status":"publish","type":"page","link":"https:\/\/plum.hu\/en\/disinfector\/","title":{"rendered":"Disinfector"},"content":{"rendered":"<p>Fert\u0151tlen\u00edt\u0151k K\u00e9zfert\u0151tlen\u00edt\u00e9s, eszk\u00f6zfert\u0151tlen\u00edt\u00e9s magas min\u0151s\u00e9g\u0171 term\u00e9kekkel. Munkahelyi, otthoni fert\u0151tlen\u00edt\u0151kend\u0151k, tisztas\u00e1g az irod\u00e1ban, munkav\u00e9gz\u00e9s ut\u00e1ni k\u00e9zfert\u0151tlen\u00edt\u00e9s. K\u00e9zfert\u0151tlen\u00edt\u0151 g\u00e9l Sokat utazik, vagy munk\u00e1j\u00e1b\u00f3l ad\u00f3d\u00f3an sok k\u00fcl\u00f6nb\u00f6z\u0151 emberrel \u00e9rintkezik <a href=\"https:\/\/plum.hu\/en\/disinfector\/\" title=\"Read more on Disinfector\" class=\"more-link\">read more<\/a><\/p>\n","protected":false},"excerpt":{"rendered":"<p>Fert\u0151tlen\u00edt\u0151k K\u00e9zfert\u0151tlen\u00edt\u00e9s, eszk\u00f6zfert\u0151tlen\u00edt\u00e9s magas min\u0151s\u00e9g\u0171 term\u00e9kekkel. Munkahelyi, otthoni fert\u0151tlen\u00edt\u0151kend\u0151k, tisztas\u00e1g az irod\u00e1ban, munkav\u00e9gz\u00e9s ut\u00e1ni k\u00e9zfert\u0151tlen\u00edt\u00e9s. K\u00e9zfert\u0151tlen\u00edt\u0151 g\u00e9l Sokat utazik, vagy munk\u00e1j\u00e1b\u00f3l ad\u00f3d\u00f3an sok k\u00fcl\u00f6nb\u00f6z\u0151 emberrel \u00e9rintkezik read more<\/p>\n","protected":false},"author":2,"featured_media":0,"parent":0,"menu_order":0,"comment_status":"closed","ping_status":"closed","template":"","meta":{"footnotes":""},"class_list":["post-5148","page","type-page","status-publish","hentry","no-thumb"],"_links":{"self":[{"href":"https:\/\/plum.hu\/en\/wp-json\/wp\/v2\/pages\/5148","targetHints":{"allow":["GET"]}}],"collection":[{"href":"https:\/\/plum.hu\/en\/wp-json\/wp\/v2\/pages"}],"about":[{"href":"https:\/\/plum.hu\/en\/wp-json\/wp\/v2\/types\/page"}],"author":[{"embeddable":true,"href":"https:\/\/plum.hu\/en\/wp-json\/wp\/v2\/users\/2"}],"replies":[{"embeddable":true,"href":"https:\/\/plum.hu\/en\/wp-json\/wp\/v2\/comments?post=5148"}],"version-history":[{"count":15,"href":"https:\/\/plum.hu\/en\/wp-json\/wp\/v2\/pages\/5148\/revisions"}],"predecessor-version":[{"id":6114,"href":"https:\/\/plum.hu\/en\/wp-json\/wp\/v2\/pages\/5148\/revisions\/6114"}],"wp:attachment":[{"href":"https:\/\/plum.hu\/en\/wp-json\/wp\/v2\/media?parent=5148"}],"curies":[{"name":"wp","href":"https:\/\/api.w.org\/{rel}","templated":true}]}}