{"id":5160,"date":"2019-07-22T12:29:00","date_gmt":"2019-07-22T12:29:00","guid":{"rendered":"https:\/\/plum.hu\/?page_id=5160"},"modified":"2021-10-15T13:39:11","modified_gmt":"2021-10-15T12:39:11","slug":"billentyuzet-fertotlenito","status":"publish","type":"page","link":"https:\/\/plum.hu\/en\/keyboard-disinfectors\/","title":{"rendered":"Keyboard disinfector wipes"},"content":{"rendered":"<p>Billenty\u0171zet fert\u0151tlen\u00edt\u0151 kend\u0151k A Keyboard Wipes seg\u00edt a munkahelyi higi\u00e9nia optimaliz\u00e1l\u00e1s\u00e1ban. Alkalmas a k\u00f6z\u00f6sen haszn\u00e1lt munkaeszk\u00f6z\u00f6k, p\u00e9ld\u00e1ul a billenty\u0171zet, az eg\u00e9r, a vezet\u00e9kes telefonk\u00e9sz\u00fcl\u00e9kek, sz\u00e1mol\u00f3g\u00e9pek tiszt\u00edt\u00e1s\u00e1ra. A Keyboard Wipes tiszta \u00e9s higi\u00e9nikus m <a href=\"https:\/\/plum.hu\/en\/keyboard-disinfectors\/\" title=\"Read more on Keyboard disinfector wipes\" class=\"more-link\">read more<\/a><\/p>\n","protected":false},"excerpt":{"rendered":"<p>Billenty\u0171zet fert\u0151tlen\u00edt\u0151 kend\u0151k A Keyboard Wipes seg\u00edt a munkahelyi higi\u00e9nia optimaliz\u00e1l\u00e1s\u00e1ban. Alkalmas a k\u00f6z\u00f6sen haszn\u00e1lt munkaeszk\u00f6z\u00f6k, p\u00e9ld\u00e1ul a billenty\u0171zet, az eg\u00e9r, a vezet\u00e9kes telefonk\u00e9sz\u00fcl\u00e9kek, sz\u00e1mol\u00f3g\u00e9pek tiszt\u00edt\u00e1s\u00e1ra. A Keyboard Wipes tiszta \u00e9s higi\u00e9nikus m read more<\/p>\n","protected":false},"author":2,"featured_media":0,"parent":0,"menu_order":0,"comment_status":"closed","ping_status":"closed","template":"","meta":{"footnotes":""},"class_list":["post-5160","page","type-page","status-publish","hentry","no-thumb"],"_links":{"self":[{"href":"https:\/\/plum.hu\/en\/wp-json\/wp\/v2\/pages\/5160","targetHints":{"allow":["GET"]}}],"collection":[{"href":"https:\/\/plum.hu\/en\/wp-json\/wp\/v2\/pages"}],"about":[{"href":"https:\/\/plum.hu\/en\/wp-json\/wp\/v2\/types\/page"}],"author":[{"embeddable":true,"href":"https:\/\/plum.hu\/en\/wp-json\/wp\/v2\/users\/2"}],"replies":[{"embeddable":true,"href":"https:\/\/plum.hu\/en\/wp-json\/wp\/v2\/comments?post=5160"}],"version-history":[{"count":9,"href":"https:\/\/plum.hu\/en\/wp-json\/wp\/v2\/pages\/5160\/revisions"}],"predecessor-version":[{"id":5844,"href":"https:\/\/plum.hu\/en\/wp-json\/wp\/v2\/pages\/5160\/revisions\/5844"}],"wp:attachment":[{"href":"https:\/\/plum.hu\/en\/wp-json\/wp\/v2\/media?parent=5160"}],"curies":[{"name":"wp","href":"https:\/\/api.w.org\/{rel}","templated":true}]}}