{"id":5185,"date":"2019-07-22T15:05:21","date_gmt":"2019-07-22T15:05:21","guid":{"rendered":"https:\/\/plum.hu\/?page_id=5185"},"modified":"2021-10-15T13:13:55","modified_gmt":"2021-10-15T12:13:55","slug":"eszkoztisztito","status":"publish","type":"page","link":"https:\/\/plum.hu\/en\/tool-cleansers\/","title":{"rendered":"Tool cleansing wipes"},"content":{"rendered":"<p>Eszk\u00f6ztiszt\u00edt\u00f3 kend\u0151k A PlumWipes term\u00e9kekkel id\u0151t takar\u00edthat meg ott, ahol nem \u00e1ll rendelkez\u00e9sre v\u00edz. A polypropyl\u00e9nnel \u00e1tsz\u0151tt kend\u0151k rengeteg kosz felv\u00e9tel\u00e9re k\u00e9pesek. Az er\u0151s szennyez\u0151d\u00e9smegk\u00f6t\u0151 tulajdons\u00e1guk miatt ak\u00e1r t\u00f6bbsz\u00f6r is felhaszn\u00e1lhat\u00f3ak. \u00cdgy a k\u00e9z tiszt\u00ed <a href=\"https:\/\/plum.hu\/en\/tool-cleansers\/\" title=\"Read more on Tool cleansing wipes\" class=\"more-link\">read more<\/a><\/p>\n","protected":false},"excerpt":{"rendered":"<p>Eszk\u00f6ztiszt\u00edt\u00f3 kend\u0151k A PlumWipes term\u00e9kekkel id\u0151t takar\u00edthat meg ott, ahol nem \u00e1ll rendelkez\u00e9sre v\u00edz. A polypropyl\u00e9nnel \u00e1tsz\u0151tt kend\u0151k rengeteg kosz felv\u00e9tel\u00e9re k\u00e9pesek. Az er\u0151s szennyez\u0151d\u00e9smegk\u00f6t\u0151 tulajdons\u00e1guk miatt ak\u00e1r t\u00f6bbsz\u00f6r is felhaszn\u00e1lhat\u00f3ak. \u00cdgy a k\u00e9z tiszt\u00ed read more<\/p>\n","protected":false},"author":2,"featured_media":0,"parent":0,"menu_order":0,"comment_status":"closed","ping_status":"closed","template":"","meta":{"footnotes":""},"class_list":["post-5185","page","type-page","status-publish","hentry","no-thumb"],"_links":{"self":[{"href":"https:\/\/plum.hu\/en\/wp-json\/wp\/v2\/pages\/5185","targetHints":{"allow":["GET"]}}],"collection":[{"href":"https:\/\/plum.hu\/en\/wp-json\/wp\/v2\/pages"}],"about":[{"href":"https:\/\/plum.hu\/en\/wp-json\/wp\/v2\/types\/page"}],"author":[{"embeddable":true,"href":"https:\/\/plum.hu\/en\/wp-json\/wp\/v2\/users\/2"}],"replies":[{"embeddable":true,"href":"https:\/\/plum.hu\/en\/wp-json\/wp\/v2\/comments?post=5185"}],"version-history":[{"count":7,"href":"https:\/\/plum.hu\/en\/wp-json\/wp\/v2\/pages\/5185\/revisions"}],"predecessor-version":[{"id":5840,"href":"https:\/\/plum.hu\/en\/wp-json\/wp\/v2\/pages\/5185\/revisions\/5840"}],"wp:attachment":[{"href":"https:\/\/plum.hu\/en\/wp-json\/wp\/v2\/media?parent=5185"}],"curies":[{"name":"wp","href":"https:\/\/api.w.org\/{rel}","templated":true}]}}