{"id":5190,"date":"2019-07-22T15:05:59","date_gmt":"2019-07-22T15:05:59","guid":{"rendered":"https:\/\/plum.hu\/?page_id=5190"},"modified":"2023-02-13T18:29:10","modified_gmt":"2023-02-13T17:29:10","slug":"felulettisztito","status":"publish","type":"page","link":"https:\/\/plum.hu\/en\/surface-cleansers\/","title":{"rendered":"Surface cleansing wipes"},"content":{"rendered":"<p>Fel\u00fclettiszt\u00edt\u00f3 kend\u0151k Vegyen ki egy kend\u0151t a csomagb\u00f3l, t\u00f6r\u00f6lje \u00e1t vele a tiszt\u00edtand\u00f3 fel\u00fcletet, \u00e9s dobja ki. Ennyire egyszer\u0171. Mindek\u00f6zben pedig biztos lehet benne, hogy a megfelel\u0151 mennyis\u00e9g\u0171 fert\u0151tlen\u00edt\u0151- vagy tiszt\u00edt\u00f3szert haszn\u00e1lta. T\u00f6bbf\u00e9le WipeClean term\u00e9k k\u00f6z\u00fcl <a href=\"https:\/\/plum.hu\/en\/surface-cleansers\/\" title=\"Read more on Surface cleansing wipes\" class=\"more-link\">read more<\/a><\/p>\n","protected":false},"excerpt":{"rendered":"<p>Fel\u00fclettiszt\u00edt\u00f3 kend\u0151k Vegyen ki egy kend\u0151t a csomagb\u00f3l, t\u00f6r\u00f6lje \u00e1t vele a tiszt\u00edtand\u00f3 fel\u00fcletet, \u00e9s dobja ki. Ennyire egyszer\u0171. Mindek\u00f6zben pedig biztos lehet benne, hogy a megfelel\u0151 mennyis\u00e9g\u0171 fert\u0151tlen\u00edt\u0151- vagy tiszt\u00edt\u00f3szert haszn\u00e1lta. T\u00f6bbf\u00e9le WipeClean term\u00e9k k\u00f6z\u00fcl read more<\/p>\n","protected":false},"author":2,"featured_media":0,"parent":0,"menu_order":0,"comment_status":"closed","ping_status":"closed","template":"","meta":{"footnotes":""},"class_list":["post-5190","page","type-page","status-publish","hentry","no-thumb"],"_links":{"self":[{"href":"https:\/\/plum.hu\/en\/wp-json\/wp\/v2\/pages\/5190","targetHints":{"allow":["GET"]}}],"collection":[{"href":"https:\/\/plum.hu\/en\/wp-json\/wp\/v2\/pages"}],"about":[{"href":"https:\/\/plum.hu\/en\/wp-json\/wp\/v2\/types\/page"}],"author":[{"embeddable":true,"href":"https:\/\/plum.hu\/en\/wp-json\/wp\/v2\/users\/2"}],"replies":[{"embeddable":true,"href":"https:\/\/plum.hu\/en\/wp-json\/wp\/v2\/comments?post=5190"}],"version-history":[{"count":9,"href":"https:\/\/plum.hu\/en\/wp-json\/wp\/v2\/pages\/5190\/revisions"}],"predecessor-version":[{"id":6182,"href":"https:\/\/plum.hu\/en\/wp-json\/wp\/v2\/pages\/5190\/revisions\/6182"}],"wp:attachment":[{"href":"https:\/\/plum.hu\/en\/wp-json\/wp\/v2\/media?parent=5190"}],"curies":[{"name":"wp","href":"https:\/\/api.w.org\/{rel}","templated":true}]}}