{"id":5193,"date":"2019-07-22T15:07:02","date_gmt":"2019-07-22T15:07:02","guid":{"rendered":"https:\/\/plum.hu\/?page_id=5193"},"modified":"2021-10-15T13:28:26","modified_gmt":"2021-10-15T12:28:26","slug":"kepernyo-tisztito","status":"publish","type":"page","link":"https:\/\/plum.hu\/en\/touchscreen-cleansers\/","title":{"rendered":"Touchscreen cleansing wipes"},"content":{"rendered":"<p>\u00c9rint\u0151k\u00e9perny\u0151 tiszt\u00edt\u00f3 kend\u0151k Az Antibac Touchscreen Wipes t\u00f6rl\u0151kend\u0151k \u00e9rint\u0151k\u00e9perny\u0151s eszk\u00f6z\u00f6k, p\u00e9ld\u00e1ul okostelefonok, tabletek, eBook olvas\u00f3k tiszt\u00edt\u00e1s\u00e1ra alkalmasak. Antibac Touchscreen Wipes Nedves tiszt\u00edt\u00f3kend\u0151 okostelefonok, tabletek, \u00e9s egy\u00e9b \u00e9rint\u0151k\u00e9perny\u0151s esz <a href=\"https:\/\/plum.hu\/en\/touchscreen-cleansers\/\" title=\"Read more on Touchscreen cleansing wipes\" class=\"more-link\">read more<\/a><\/p>\n","protected":false},"excerpt":{"rendered":"<p>\u00c9rint\u0151k\u00e9perny\u0151 tiszt\u00edt\u00f3 kend\u0151k Az Antibac Touchscreen Wipes t\u00f6rl\u0151kend\u0151k \u00e9rint\u0151k\u00e9perny\u0151s eszk\u00f6z\u00f6k, p\u00e9ld\u00e1ul okostelefonok, tabletek, eBook olvas\u00f3k tiszt\u00edt\u00e1s\u00e1ra alkalmasak. Antibac Touchscreen Wipes Nedves tiszt\u00edt\u00f3kend\u0151 okostelefonok, tabletek, \u00e9s egy\u00e9b \u00e9rint\u0151k\u00e9perny\u0151s esz read more<\/p>\n","protected":false},"author":2,"featured_media":0,"parent":0,"menu_order":0,"comment_status":"closed","ping_status":"closed","template":"","meta":{"footnotes":""},"class_list":["post-5193","page","type-page","status-publish","hentry","no-thumb"],"_links":{"self":[{"href":"https:\/\/plum.hu\/en\/wp-json\/wp\/v2\/pages\/5193","targetHints":{"allow":["GET"]}}],"collection":[{"href":"https:\/\/plum.hu\/en\/wp-json\/wp\/v2\/pages"}],"about":[{"href":"https:\/\/plum.hu\/en\/wp-json\/wp\/v2\/types\/page"}],"author":[{"embeddable":true,"href":"https:\/\/plum.hu\/en\/wp-json\/wp\/v2\/users\/2"}],"replies":[{"embeddable":true,"href":"https:\/\/plum.hu\/en\/wp-json\/wp\/v2\/comments?post=5193"}],"version-history":[{"count":7,"href":"https:\/\/plum.hu\/en\/wp-json\/wp\/v2\/pages\/5193\/revisions"}],"predecessor-version":[{"id":5842,"href":"https:\/\/plum.hu\/en\/wp-json\/wp\/v2\/pages\/5193\/revisions\/5842"}],"wp:attachment":[{"href":"https:\/\/plum.hu\/en\/wp-json\/wp\/v2\/media?parent=5193"}],"curies":[{"name":"wp","href":"https:\/\/api.w.org\/{rel}","templated":true}]}}