{"id":5198,"date":"2019-07-22T15:27:09","date_gmt":"2019-07-22T15:27:09","guid":{"rendered":"https:\/\/plum.hu\/?page_id=5198"},"modified":"2021-10-15T14:02:56","modified_gmt":"2021-10-15T13:02:56","slug":"tisztitokendo","status":"publish","type":"page","link":"https:\/\/plum.hu\/en\/cleansing-wipe\/","title":{"rendered":"Cleansing wipe"},"content":{"rendered":"<p>Tiszt\u00edt\u00f3kend\u0151k Tiszt\u00edt\u00f3kend\u0151 k\u00edn\u00e1latunk otthoni, irodai vagy ipari haszn\u00e1latra. Munkahelyi eszk\u00f6z\u00f6k tiszt\u00edt\u00e1sa adagol\u00f3rendszerekkel. K\u00e9ztiszt\u00edt\u00e1s, eszk\u00f6ztiszt\u00edt\u00e1s magas min\u0151s\u00e9g\u0171 skandin\u00e1v term\u00e9kekkel. PlumWipes k\u00e9ztiszt\u00edt\u00f3 kend\u0151k A PlumWipes term\u00e9kekkel id\u0151t takar\u00edthat  <a href=\"https:\/\/plum.hu\/en\/cleansing-wipe\/\" title=\"Read more on Cleansing wipe\" class=\"more-link\">read more<\/a><\/p>\n","protected":false},"excerpt":{"rendered":"<p>Tiszt\u00edt\u00f3kend\u0151k Tiszt\u00edt\u00f3kend\u0151 k\u00edn\u00e1latunk otthoni, irodai vagy ipari haszn\u00e1latra. Munkahelyi eszk\u00f6z\u00f6k tiszt\u00edt\u00e1sa adagol\u00f3rendszerekkel. K\u00e9ztiszt\u00edt\u00e1s, eszk\u00f6ztiszt\u00edt\u00e1s magas min\u0151s\u00e9g\u0171 skandin\u00e1v term\u00e9kekkel. PlumWipes k\u00e9ztiszt\u00edt\u00f3 kend\u0151k A PlumWipes term\u00e9kekkel id\u0151t takar\u00edthat read more<\/p>\n","protected":false},"author":2,"featured_media":0,"parent":0,"menu_order":0,"comment_status":"closed","ping_status":"closed","template":"","meta":{"footnotes":""},"class_list":["post-5198","page","type-page","status-publish","hentry","no-thumb"],"_links":{"self":[{"href":"https:\/\/plum.hu\/en\/wp-json\/wp\/v2\/pages\/5198","targetHints":{"allow":["GET"]}}],"collection":[{"href":"https:\/\/plum.hu\/en\/wp-json\/wp\/v2\/pages"}],"about":[{"href":"https:\/\/plum.hu\/en\/wp-json\/wp\/v2\/types\/page"}],"author":[{"embeddable":true,"href":"https:\/\/plum.hu\/en\/wp-json\/wp\/v2\/users\/2"}],"replies":[{"embeddable":true,"href":"https:\/\/plum.hu\/en\/wp-json\/wp\/v2\/comments?post=5198"}],"version-history":[{"count":5,"href":"https:\/\/plum.hu\/en\/wp-json\/wp\/v2\/pages\/5198\/revisions"}],"predecessor-version":[{"id":5846,"href":"https:\/\/plum.hu\/en\/wp-json\/wp\/v2\/pages\/5198\/revisions\/5846"}],"wp:attachment":[{"href":"https:\/\/plum.hu\/en\/wp-json\/wp\/v2\/media?parent=5198"}],"curies":[{"name":"wp","href":"https:\/\/api.w.org\/{rel}","templated":true}]}}