{"id":5382,"date":"2020-04-24T14:17:35","date_gmt":"2020-04-24T14:17:35","guid":{"rendered":"https:\/\/plum.hu\/?page_id=5382"},"modified":"2023-02-13T17:23:01","modified_gmt":"2023-02-13T16:23:01","slug":"kornyezetbarat-tisztitoszerek","status":"publish","type":"page","link":"https:\/\/plum.hu\/en\/environmental-friendly-cleaning-products\/","title":{"rendered":"Environmental friendly cleaning products"},"content":{"rendered":"<p>K\u00f6rnyezetbar\u00e1t tiszt\u00edt\u00f3szerek az eg\u00e9szs\u00e9g\u00e9rt Az \u00faj Kiilto Natura sorozat term\u00e9kei n\u00f6v\u00e9nyi alap\u00fa, azaz meg\u00fajul\u00f3 \u00e9s biodegrad\u00e1lhat\u00f3 alapanyagokb\u00f3l k\u00e9sz\u00fclnek, amelyeket felel\u0151ss\u00e9gteljesen gy\u00e1rtanak. A term\u00e9kekben \u00e9s a csomagol\u00e1sban haszn\u00e1lt alapanyagok k\u00fcl\u00f6n ciklusban vann <a href=\"https:\/\/plum.hu\/en\/environmental-friendly-cleaning-products\/\" title=\"Read more on Environmental friendly cleaning products\" class=\"more-link\">read more<\/a><\/p>\n","protected":false},"excerpt":{"rendered":"<p>K\u00f6rnyezetbar\u00e1t tiszt\u00edt\u00f3szerek az eg\u00e9szs\u00e9g\u00e9rt Az \u00faj Kiilto Natura sorozat term\u00e9kei n\u00f6v\u00e9nyi alap\u00fa, azaz meg\u00fajul\u00f3 \u00e9s biodegrad\u00e1lhat\u00f3 alapanyagokb\u00f3l k\u00e9sz\u00fclnek, amelyeket felel\u0151ss\u00e9gteljesen gy\u00e1rtanak. A term\u00e9kekben \u00e9s a csomagol\u00e1sban haszn\u00e1lt alapanyagok k\u00fcl\u00f6n ciklusban vann read more<\/p>\n","protected":false},"author":3,"featured_media":0,"parent":0,"menu_order":0,"comment_status":"closed","ping_status":"closed","template":"","meta":{"footnotes":""},"class_list":["post-5382","page","type-page","status-publish","hentry","no-thumb"],"_links":{"self":[{"href":"https:\/\/plum.hu\/en\/wp-json\/wp\/v2\/pages\/5382","targetHints":{"allow":["GET"]}}],"collection":[{"href":"https:\/\/plum.hu\/en\/wp-json\/wp\/v2\/pages"}],"about":[{"href":"https:\/\/plum.hu\/en\/wp-json\/wp\/v2\/types\/page"}],"author":[{"embeddable":true,"href":"https:\/\/plum.hu\/en\/wp-json\/wp\/v2\/users\/3"}],"replies":[{"embeddable":true,"href":"https:\/\/plum.hu\/en\/wp-json\/wp\/v2\/comments?post=5382"}],"version-history":[{"count":11,"href":"https:\/\/plum.hu\/en\/wp-json\/wp\/v2\/pages\/5382\/revisions"}],"predecessor-version":[{"id":6119,"href":"https:\/\/plum.hu\/en\/wp-json\/wp\/v2\/pages\/5382\/revisions\/6119"}],"wp:attachment":[{"href":"https:\/\/plum.hu\/en\/wp-json\/wp\/v2\/media?parent=5382"}],"curies":[{"name":"wp","href":"https:\/\/api.w.org\/{rel}","templated":true}]}}