{"id":5384,"date":"2020-04-24T14:05:56","date_gmt":"2020-04-24T14:05:56","guid":{"rendered":"https:\/\/plum.hu\/?page_id=5384"},"modified":"2021-10-14T16:21:59","modified_gmt":"2021-10-14T15:21:59","slug":"szagsemlegesitok","status":"publish","type":"page","link":"https:\/\/plum.hu\/en\/odor-neutralizers\/","title":{"rendered":"Odor neutralizers"},"content":{"rendered":"<p>Biol\u00f3giai szagsemleges\u00edt\u0151k Kiilto Odor Stop &#8211; Biol\u00f3giai szagsemleges\u00edt\u0151 Er\u0151s bakteri\u00e1lis mikrob\u00e1k seg\u00edts\u00e9g\u00e9vel sz\u00fcnteti meg a szerves szennyez\u0151d\u00e9sek okozta kellemetlen szagokat. A mikrob\u00e1k felem\u00e9sztik a szennyez\u0151d\u00e9s molekul\u00e1it, \u00edgy nem csak elfedi, hanem v\u00e9glegese <a href=\"https:\/\/plum.hu\/en\/odor-neutralizers\/\" title=\"Read more on Odor neutralizers\" class=\"more-link\">read more<\/a><\/p>\n","protected":false},"excerpt":{"rendered":"<p>Biol\u00f3giai szagsemleges\u00edt\u0151k Kiilto Odor Stop &#8211; Biol\u00f3giai szagsemleges\u00edt\u0151 Er\u0151s bakteri\u00e1lis mikrob\u00e1k seg\u00edts\u00e9g\u00e9vel sz\u00fcnteti meg a szerves szennyez\u0151d\u00e9sek okozta kellemetlen szagokat. A mikrob\u00e1k felem\u00e9sztik a szennyez\u0151d\u00e9s molekul\u00e1it, \u00edgy nem csak elfedi, hanem v\u00e9glegese read more<\/p>\n","protected":false},"author":3,"featured_media":0,"parent":0,"menu_order":0,"comment_status":"closed","ping_status":"closed","template":"","meta":{"footnotes":""},"class_list":["post-5384","page","type-page","status-publish","hentry","no-thumb"],"_links":{"self":[{"href":"https:\/\/plum.hu\/en\/wp-json\/wp\/v2\/pages\/5384","targetHints":{"allow":["GET"]}}],"collection":[{"href":"https:\/\/plum.hu\/en\/wp-json\/wp\/v2\/pages"}],"about":[{"href":"https:\/\/plum.hu\/en\/wp-json\/wp\/v2\/types\/page"}],"author":[{"embeddable":true,"href":"https:\/\/plum.hu\/en\/wp-json\/wp\/v2\/users\/3"}],"replies":[{"embeddable":true,"href":"https:\/\/plum.hu\/en\/wp-json\/wp\/v2\/comments?post=5384"}],"version-history":[{"count":14,"href":"https:\/\/plum.hu\/en\/wp-json\/wp\/v2\/pages\/5384\/revisions"}],"predecessor-version":[{"id":5810,"href":"https:\/\/plum.hu\/en\/wp-json\/wp\/v2\/pages\/5384\/revisions\/5810"}],"wp:attachment":[{"href":"https:\/\/plum.hu\/en\/wp-json\/wp\/v2\/media?parent=5384"}],"curies":[{"name":"wp","href":"https:\/\/api.w.org\/{rel}","templated":true}]}}