{"id":5586,"date":"2021-03-12T16:24:41","date_gmt":"2021-03-12T15:24:41","guid":{"rendered":"https:\/\/plum.hu\/?page_id=5586"},"modified":"2023-02-13T17:20:14","modified_gmt":"2023-02-13T16:20:14","slug":"tisztitoszerek","status":"publish","type":"page","link":"https:\/\/plum.hu\/en\/cleaning-products\/","title":{"rendered":"Cleaning products"},"content":{"rendered":"<p>Tiszt\u00edt\u00f3szerek Magas min\u0151s\u00e9g\u0171 k\u00f6rnyezetbar\u00e1t term\u00e9kek sz\u00e9les v\u00e1laszt\u00e9ka. Ipari, munkahelyi \u00e9s h\u00e1ztart\u00e1si tiszt\u00edt\u00f3szerek egyar\u00e1nt. K\u00f6rnyezetbar\u00e1t tiszt\u00edt\u00f3szerek Az \u00faj Kiilto Natura sorozat term\u00e9kei n\u00f6v\u00e9nyi alap\u00fa, azaz meg\u00fajul\u00f3 \u00e9s biodegrad\u00e1lhat\u00f3 alapanyagokb\u00f3l k\u00e9sz\u00fclnek, <a href=\"https:\/\/plum.hu\/en\/cleaning-products\/\" title=\"Read more on Cleaning products\" class=\"more-link\">read more<\/a><\/p>\n","protected":false},"excerpt":{"rendered":"<p>Tiszt\u00edt\u00f3szerek Magas min\u0151s\u00e9g\u0171 k\u00f6rnyezetbar\u00e1t term\u00e9kek sz\u00e9les v\u00e1laszt\u00e9ka. Ipari, munkahelyi \u00e9s h\u00e1ztart\u00e1si tiszt\u00edt\u00f3szerek egyar\u00e1nt. K\u00f6rnyezetbar\u00e1t tiszt\u00edt\u00f3szerek Az \u00faj Kiilto Natura sorozat term\u00e9kei n\u00f6v\u00e9nyi alap\u00fa, azaz meg\u00fajul\u00f3 \u00e9s biodegrad\u00e1lhat\u00f3 alapanyagokb\u00f3l k\u00e9sz\u00fclnek, read more<\/p>\n","protected":false},"author":3,"featured_media":0,"parent":0,"menu_order":0,"comment_status":"closed","ping_status":"closed","template":"","meta":{"footnotes":""},"class_list":["post-5586","page","type-page","status-publish","hentry","no-thumb"],"_links":{"self":[{"href":"https:\/\/plum.hu\/en\/wp-json\/wp\/v2\/pages\/5586","targetHints":{"allow":["GET"]}}],"collection":[{"href":"https:\/\/plum.hu\/en\/wp-json\/wp\/v2\/pages"}],"about":[{"href":"https:\/\/plum.hu\/en\/wp-json\/wp\/v2\/types\/page"}],"author":[{"embeddable":true,"href":"https:\/\/plum.hu\/en\/wp-json\/wp\/v2\/users\/3"}],"replies":[{"embeddable":true,"href":"https:\/\/plum.hu\/en\/wp-json\/wp\/v2\/comments?post=5586"}],"version-history":[{"count":8,"href":"https:\/\/plum.hu\/en\/wp-json\/wp\/v2\/pages\/5586\/revisions"}],"predecessor-version":[{"id":6117,"href":"https:\/\/plum.hu\/en\/wp-json\/wp\/v2\/pages\/5586\/revisions\/6117"}],"wp:attachment":[{"href":"https:\/\/plum.hu\/en\/wp-json\/wp\/v2\/media?parent=5586"}],"curies":[{"name":"wp","href":"https:\/\/api.w.org\/{rel}","templated":true}]}}