{"id":5672,"date":"2021-09-28T20:23:00","date_gmt":"2021-09-28T19:23:00","guid":{"rendered":"https:\/\/plum.hu\/?page_id=5672"},"modified":"2021-10-14T15:22:42","modified_gmt":"2021-10-14T14:22:42","slug":"altalanos-tisztitoszerek","status":"publish","type":"page","link":"https:\/\/plum.hu\/en\/universal-cleansers\/","title":{"rendered":"Universal cleansers"},"content":{"rendered":"<p>\u00c1ltal\u00e1nos tiszt\u00edt\u00f3szerek B\u0151rgy\u00f3gy\u00e1szatilag tesztelt, antiallerg\u00e9n, \u00c9szaki Hatty\u00fa \u00f6koc\u00edmk\u00e9vel ell\u00e1tott, k\u00f6rnyezetbar\u00e1t \u00e1ltal\u00e1nos tiszt\u00edt\u00f3szerek kifejezetten az \u00e9rz\u00e9keny b\u0151r\u0171ek sz\u00e1m\u00e1ra. K\u00edn\u00e1latunkban megtal\u00e1lhat\u00f3 semleges, savas \u00e9s l\u00fagos k\u00e9mhat\u00e1s\u00fa tiszt\u00edt\u00f3szer is. Kiilto  <a href=\"https:\/\/plum.hu\/en\/universal-cleansers\/\" title=\"Read more on Universal cleansers\" class=\"more-link\">read more<\/a><\/p>\n","protected":false},"excerpt":{"rendered":"<p>\u00c1ltal\u00e1nos tiszt\u00edt\u00f3szerek B\u0151rgy\u00f3gy\u00e1szatilag tesztelt, antiallerg\u00e9n, \u00c9szaki Hatty\u00fa \u00f6koc\u00edmk\u00e9vel ell\u00e1tott, k\u00f6rnyezetbar\u00e1t \u00e1ltal\u00e1nos tiszt\u00edt\u00f3szerek kifejezetten az \u00e9rz\u00e9keny b\u0151r\u0171ek sz\u00e1m\u00e1ra. K\u00edn\u00e1latunkban megtal\u00e1lhat\u00f3 semleges, savas \u00e9s l\u00fagos k\u00e9mhat\u00e1s\u00fa tiszt\u00edt\u00f3szer is. Kiilto read more<\/p>\n","protected":false},"author":3,"featured_media":0,"parent":0,"menu_order":0,"comment_status":"closed","ping_status":"closed","template":"","meta":{"footnotes":""},"class_list":["post-5672","page","type-page","status-publish","hentry","no-thumb"],"_links":{"self":[{"href":"https:\/\/plum.hu\/en\/wp-json\/wp\/v2\/pages\/5672","targetHints":{"allow":["GET"]}}],"collection":[{"href":"https:\/\/plum.hu\/en\/wp-json\/wp\/v2\/pages"}],"about":[{"href":"https:\/\/plum.hu\/en\/wp-json\/wp\/v2\/types\/page"}],"author":[{"embeddable":true,"href":"https:\/\/plum.hu\/en\/wp-json\/wp\/v2\/users\/3"}],"replies":[{"embeddable":true,"href":"https:\/\/plum.hu\/en\/wp-json\/wp\/v2\/comments?post=5672"}],"version-history":[{"count":9,"href":"https:\/\/plum.hu\/en\/wp-json\/wp\/v2\/pages\/5672\/revisions"}],"predecessor-version":[{"id":5801,"href":"https:\/\/plum.hu\/en\/wp-json\/wp\/v2\/pages\/5672\/revisions\/5801"}],"wp:attachment":[{"href":"https:\/\/plum.hu\/en\/wp-json\/wp\/v2\/media?parent=5672"}],"curies":[{"name":"wp","href":"https:\/\/api.w.org\/{rel}","templated":true}]}}