{"id":5682,"date":"2021-09-28T20:45:29","date_gmt":"2021-09-28T19:45:29","guid":{"rendered":"https:\/\/plum.hu\/?page_id=5682"},"modified":"2021-10-14T15:31:38","modified_gmt":"2021-10-14T14:31:38","slug":"mosogatoszerek","status":"publish","type":"page","link":"https:\/\/plum.hu\/en\/dishwashing-agents\/","title":{"rendered":"Dishwashing agents"},"content":{"rendered":"<p>Mosogat\u00f3szerek B\u0151rgy\u00f3gy\u00e1szatilag tesztelt, antiallerg\u00e9n,\u00a0\u00c9szaki Hatty\u0171 \u00f6koc\u00edmk\u00e9vel ell\u00e1tott mosogat\u00f3szerek, kifejezetten \u00e9rz\u00e9keny b\u0151r\u0171ek sz\u00e1m\u00e1ra kifejlesztve. Kiilto Biodish K\u00edm\u00e9letes mos\u00f3szer k\u00e9zi mosogat\u00e1shoz. M\u00e9rs\u00e9kelt habk\u00e9pz\u0151d\u00e9s, mely megk\u00f6nny\u00edti az ed\u00e9nyek \u00f6bl\u00edt\u00e9s <a href=\"https:\/\/plum.hu\/en\/dishwashing-agents\/\" title=\"Read more on Dishwashing agents\" class=\"more-link\">read more<\/a><\/p>\n","protected":false},"excerpt":{"rendered":"<p>Mosogat\u00f3szerek B\u0151rgy\u00f3gy\u00e1szatilag tesztelt, antiallerg\u00e9n,\u00a0\u00c9szaki Hatty\u0171 \u00f6koc\u00edmk\u00e9vel ell\u00e1tott mosogat\u00f3szerek, kifejezetten \u00e9rz\u00e9keny b\u0151r\u0171ek sz\u00e1m\u00e1ra kifejlesztve. Kiilto Biodish K\u00edm\u00e9letes mos\u00f3szer k\u00e9zi mosogat\u00e1shoz. M\u00e9rs\u00e9kelt habk\u00e9pz\u0151d\u00e9s, mely megk\u00f6nny\u00edti az ed\u00e9nyek \u00f6bl\u00edt\u00e9s read more<\/p>\n","protected":false},"author":3,"featured_media":0,"parent":0,"menu_order":0,"comment_status":"closed","ping_status":"closed","template":"","meta":{"footnotes":""},"class_list":["post-5682","page","type-page","status-publish","hentry","no-thumb"],"_links":{"self":[{"href":"https:\/\/plum.hu\/en\/wp-json\/wp\/v2\/pages\/5682","targetHints":{"allow":["GET"]}}],"collection":[{"href":"https:\/\/plum.hu\/en\/wp-json\/wp\/v2\/pages"}],"about":[{"href":"https:\/\/plum.hu\/en\/wp-json\/wp\/v2\/types\/page"}],"author":[{"embeddable":true,"href":"https:\/\/plum.hu\/en\/wp-json\/wp\/v2\/users\/3"}],"replies":[{"embeddable":true,"href":"https:\/\/plum.hu\/en\/wp-json\/wp\/v2\/comments?post=5682"}],"version-history":[{"count":4,"href":"https:\/\/plum.hu\/en\/wp-json\/wp\/v2\/pages\/5682\/revisions"}],"predecessor-version":[{"id":5803,"href":"https:\/\/plum.hu\/en\/wp-json\/wp\/v2\/pages\/5682\/revisions\/5803"}],"wp:attachment":[{"href":"https:\/\/plum.hu\/en\/wp-json\/wp\/v2\/media?parent=5682"}],"curies":[{"name":"wp","href":"https:\/\/api.w.org\/{rel}","templated":true}]}}