{"id":5694,"date":"2021-09-28T21:00:15","date_gmt":"2021-09-28T20:00:15","guid":{"rendered":"https:\/\/plum.hu\/?page_id=5694"},"modified":"2021-10-14T15:54:11","modified_gmt":"2021-10-14T14:54:11","slug":"vizko-es-rozsda-eltavolitok","status":"publish","type":"page","link":"https:\/\/plum.hu\/en\/limestone-and-rust-removers\/","title":{"rendered":"Limestone and rust removers"},"content":{"rendered":"<p>V\u00edzk\u0151- \u00e9s rozsdaelt\u00e1vol\u00edt\u00f3k Antiallerg\u00e9n, k\u00f6rnyezetbar\u00e1t tiszt\u00edt\u00f3szerek kifejezetten h\u00e1ztart\u00e1si kisg\u00e9pek sz\u00e1m\u00e1ra kifejlesztve. K\u00e1v\u00e9f\u0151z\u0151k, h\u00e1ztart\u00e1si mosogat\u00f3g\u00e9pek \u00e9s mos\u00f3g\u00e9pek stb. rendszeres tiszt\u00edt\u00e1s\u00e1hoz. Kiilto Off Calc Hat\u00e9konyan oldja \u00e9s t\u00e1vol\u00edtja el a v\u00edzk\u0151 \u00e9s roz <a href=\"https:\/\/plum.hu\/en\/limestone-and-rust-removers\/\" title=\"Read more on Limestone and rust removers\" class=\"more-link\">read more<\/a><\/p>\n","protected":false},"excerpt":{"rendered":"<p>V\u00edzk\u0151- \u00e9s rozsdaelt\u00e1vol\u00edt\u00f3k Antiallerg\u00e9n, k\u00f6rnyezetbar\u00e1t tiszt\u00edt\u00f3szerek kifejezetten h\u00e1ztart\u00e1si kisg\u00e9pek sz\u00e1m\u00e1ra kifejlesztve. K\u00e1v\u00e9f\u0151z\u0151k, h\u00e1ztart\u00e1si mosogat\u00f3g\u00e9pek \u00e9s mos\u00f3g\u00e9pek stb. rendszeres tiszt\u00edt\u00e1s\u00e1hoz. Kiilto Off Calc Hat\u00e9konyan oldja \u00e9s t\u00e1vol\u00edtja el a v\u00edzk\u0151 \u00e9s roz read more<\/p>\n","protected":false},"author":3,"featured_media":0,"parent":0,"menu_order":0,"comment_status":"closed","ping_status":"closed","template":"","meta":{"footnotes":""},"class_list":["post-5694","page","type-page","status-publish","hentry","no-thumb"],"_links":{"self":[{"href":"https:\/\/plum.hu\/en\/wp-json\/wp\/v2\/pages\/5694","targetHints":{"allow":["GET"]}}],"collection":[{"href":"https:\/\/plum.hu\/en\/wp-json\/wp\/v2\/pages"}],"about":[{"href":"https:\/\/plum.hu\/en\/wp-json\/wp\/v2\/types\/page"}],"author":[{"embeddable":true,"href":"https:\/\/plum.hu\/en\/wp-json\/wp\/v2\/users\/3"}],"replies":[{"embeddable":true,"href":"https:\/\/plum.hu\/en\/wp-json\/wp\/v2\/comments?post=5694"}],"version-history":[{"count":4,"href":"https:\/\/plum.hu\/en\/wp-json\/wp\/v2\/pages\/5694\/revisions"}],"predecessor-version":[{"id":5807,"href":"https:\/\/plum.hu\/en\/wp-json\/wp\/v2\/pages\/5694\/revisions\/5807"}],"wp:attachment":[{"href":"https:\/\/plum.hu\/en\/wp-json\/wp\/v2\/media?parent=5694"}],"curies":[{"name":"wp","href":"https:\/\/api.w.org\/{rel}","templated":true}]}}