{"id":5698,"date":"2021-09-28T21:09:30","date_gmt":"2021-09-28T20:09:30","guid":{"rendered":"https:\/\/plum.hu\/?page_id=5698"},"modified":"2021-10-14T16:10:19","modified_gmt":"2021-10-14T15:10:19","slug":"uveg-es-fem-tisztitoszerek","status":"publish","type":"page","link":"https:\/\/plum.hu\/en\/glass-and-metal-cleansers\/","title":{"rendered":"Glass and metal cleansers"},"content":{"rendered":"<p>\u00dcveg- \u00e9s f\u00e9m tiszt\u00edt\u00f3szerek Antiallerg\u00e9n, k\u00f6rnyezetbar\u00e1t ablak-, t\u00fck\u00f6r- \u00e9s f\u00e9mtiszt\u00edt\u00f3szerek kifejezetten az \u00e9rz\u00e9keny b\u0151r\u0171ek sz\u00e1m\u00e1ra kifejlesztve. &nbsp; Kiilto Window Spurt Hat\u00e9konyan t\u00e1vol\u00edtja el a szennyez\u0151d\u00e9seket ablakok, t\u00fckr\u00f6k \u00e9s f\u00e9mfel\u00fcletekr\u0151l. Gyorsan sz\u00e1rad. F <a href=\"https:\/\/plum.hu\/en\/glass-and-metal-cleansers\/\" title=\"Read more on Glass and metal cleansers\" class=\"more-link\">read more<\/a><\/p>\n","protected":false},"excerpt":{"rendered":"<p>\u00dcveg- \u00e9s f\u00e9m tiszt\u00edt\u00f3szerek Antiallerg\u00e9n, k\u00f6rnyezetbar\u00e1t ablak-, t\u00fck\u00f6r- \u00e9s f\u00e9mtiszt\u00edt\u00f3szerek kifejezetten az \u00e9rz\u00e9keny b\u0151r\u0171ek sz\u00e1m\u00e1ra kifejlesztve. &nbsp; Kiilto Window Spurt Hat\u00e9konyan t\u00e1vol\u00edtja el a szennyez\u0151d\u00e9seket ablakok, t\u00fckr\u00f6k \u00e9s f\u00e9mfel\u00fcletekr\u0151l. Gyorsan sz\u00e1rad. F read more<\/p>\n","protected":false},"author":3,"featured_media":0,"parent":0,"menu_order":0,"comment_status":"closed","ping_status":"closed","template":"","meta":{"footnotes":""},"class_list":["post-5698","page","type-page","status-publish","hentry","no-thumb"],"_links":{"self":[{"href":"https:\/\/plum.hu\/en\/wp-json\/wp\/v2\/pages\/5698","targetHints":{"allow":["GET"]}}],"collection":[{"href":"https:\/\/plum.hu\/en\/wp-json\/wp\/v2\/pages"}],"about":[{"href":"https:\/\/plum.hu\/en\/wp-json\/wp\/v2\/types\/page"}],"author":[{"embeddable":true,"href":"https:\/\/plum.hu\/en\/wp-json\/wp\/v2\/users\/3"}],"replies":[{"embeddable":true,"href":"https:\/\/plum.hu\/en\/wp-json\/wp\/v2\/comments?post=5698"}],"version-history":[{"count":2,"href":"https:\/\/plum.hu\/en\/wp-json\/wp\/v2\/pages\/5698\/revisions"}],"predecessor-version":[{"id":5808,"href":"https:\/\/plum.hu\/en\/wp-json\/wp\/v2\/pages\/5698\/revisions\/5808"}],"wp:attachment":[{"href":"https:\/\/plum.hu\/en\/wp-json\/wp\/v2\/media?parent=5698"}],"curies":[{"name":"wp","href":"https:\/\/api.w.org\/{rel}","templated":true}]}}