{"id":5702,"date":"2021-09-28T21:15:36","date_gmt":"2021-09-28T20:15:36","guid":{"rendered":"https:\/\/plum.hu\/?page_id=5702"},"modified":"2021-10-14T15:48:26","modified_gmt":"2021-10-14T14:48:26","slug":"zsir-es-olajoldok","status":"publish","type":"page","link":"https:\/\/plum.hu\/en\/grease-and-oil-solvents\/","title":{"rendered":"Grease- and oil solvents"},"content":{"rendered":"<p>Zs\u00edr- \u00e9s olajold\u00f3k Antiallerg\u00e9n, k\u00f6rnyezetbar\u00e1t zs\u00edr- \u00e9s olajold\u00f3 tiszt\u00edt\u00f3szerek kifejezetten az \u00e9rz\u00e9keny b\u0151r\u0171ek sz\u00e1m\u00e1ra. Kiilto Superquick Spurt \u00c1ltal\u00e1nos tiszt\u00edt\u00f3szer minden v\u00edz\u00e1ll\u00f3 fel\u00fclethez, bele\u00e9rtve a csiszolt \u00e9s festett fel\u00fcleteket is. Gyorsan sz\u00e1rad. Hat\u00e9konyan <a href=\"https:\/\/plum.hu\/en\/grease-and-oil-solvents\/\" title=\"Read more on Grease- and oil solvents\" class=\"more-link\">read more<\/a><\/p>\n","protected":false},"excerpt":{"rendered":"<p>Zs\u00edr- \u00e9s olajold\u00f3k Antiallerg\u00e9n, k\u00f6rnyezetbar\u00e1t zs\u00edr- \u00e9s olajold\u00f3 tiszt\u00edt\u00f3szerek kifejezetten az \u00e9rz\u00e9keny b\u0151r\u0171ek sz\u00e1m\u00e1ra. Kiilto Superquick Spurt \u00c1ltal\u00e1nos tiszt\u00edt\u00f3szer minden v\u00edz\u00e1ll\u00f3 fel\u00fclethez, bele\u00e9rtve a csiszolt \u00e9s festett fel\u00fcleteket is. Gyorsan sz\u00e1rad. Hat\u00e9konyan read more<\/p>\n","protected":false},"author":3,"featured_media":0,"parent":0,"menu_order":0,"comment_status":"closed","ping_status":"closed","template":"","meta":{"footnotes":""},"class_list":["post-5702","page","type-page","status-publish","hentry","no-thumb"],"_links":{"self":[{"href":"https:\/\/plum.hu\/en\/wp-json\/wp\/v2\/pages\/5702","targetHints":{"allow":["GET"]}}],"collection":[{"href":"https:\/\/plum.hu\/en\/wp-json\/wp\/v2\/pages"}],"about":[{"href":"https:\/\/plum.hu\/en\/wp-json\/wp\/v2\/types\/page"}],"author":[{"embeddable":true,"href":"https:\/\/plum.hu\/en\/wp-json\/wp\/v2\/users\/3"}],"replies":[{"embeddable":true,"href":"https:\/\/plum.hu\/en\/wp-json\/wp\/v2\/comments?post=5702"}],"version-history":[{"count":3,"href":"https:\/\/plum.hu\/en\/wp-json\/wp\/v2\/pages\/5702\/revisions"}],"predecessor-version":[{"id":5805,"href":"https:\/\/plum.hu\/en\/wp-json\/wp\/v2\/pages\/5702\/revisions\/5805"}],"wp:attachment":[{"href":"https:\/\/plum.hu\/en\/wp-json\/wp\/v2\/media?parent=5702"}],"curies":[{"name":"wp","href":"https:\/\/api.w.org\/{rel}","templated":true}]}}