{"id":580,"date":"2016-06-03T11:48:06","date_gmt":"2016-06-03T11:48:06","guid":{"rendered":"https:\/\/plum.hu\/?page_id=580"},"modified":"2023-02-13T17:56:51","modified_gmt":"2023-02-13T16:56:51","slug":"faqs","status":"publish","type":"page","link":"https:\/\/plum.hu\/en\/hand-cleansers\/","title":{"rendered":"Hand cleansers"},"content":{"rendered":"<p>Ipari k\u00e9ztiszt\u00edt\u00f3k A b\u0151r munkav\u00e9gz\u00e9s ut\u00e1ni tiszt\u00edt\u00e1s\u00e1hoz egy k\u00edm\u00e9l\u0151, m\u00e9gis hat\u00e9kony, a szennyez\u00e9s jelleg\u00e9nek \u00e9s m\u00e9rt\u00e9k\u00e9nek megfelel\u0151 ipari k\u00e9ztiszt\u00edt\u00f3t v\u00e1lasszunk! A Plum ipari k\u00e9ztiszt\u00edt\u00f3i k\u00edm\u00e9letes, ugyanakkor eredm\u00e9nyes tiszt\u00edt\u00e1st biztos\u00edtanak, mik\u00f6zben \u00e1polj\u00e1k is a  <a href=\"https:\/\/plum.hu\/en\/hand-cleansers\/\" title=\"Read more on Hand cleansers\" class=\"more-link\">read more<\/a><\/p>\n","protected":false},"excerpt":{"rendered":"<p>Ipari k\u00e9ztiszt\u00edt\u00f3k A b\u0151r munkav\u00e9gz\u00e9s ut\u00e1ni tiszt\u00edt\u00e1s\u00e1hoz egy k\u00edm\u00e9l\u0151, m\u00e9gis hat\u00e9kony, a szennyez\u00e9s jelleg\u00e9nek \u00e9s m\u00e9rt\u00e9k\u00e9nek megfelel\u0151 ipari k\u00e9ztiszt\u00edt\u00f3t v\u00e1lasszunk! A Plum ipari k\u00e9ztiszt\u00edt\u00f3i k\u00edm\u00e9letes, ugyanakkor eredm\u00e9nyes tiszt\u00edt\u00e1st biztos\u00edtanak, mik\u00f6zben \u00e1polj\u00e1k is a read more<\/p>\n","protected":false},"author":1,"featured_media":0,"parent":0,"menu_order":0,"comment_status":"closed","ping_status":"closed","template":"paddingless-page.php","meta":{"footnotes":""},"class_list":["post-580","page","type-page","status-publish","hentry","no-thumb"],"_links":{"self":[{"href":"https:\/\/plum.hu\/en\/wp-json\/wp\/v2\/pages\/580","targetHints":{"allow":["GET"]}}],"collection":[{"href":"https:\/\/plum.hu\/en\/wp-json\/wp\/v2\/pages"}],"about":[{"href":"https:\/\/plum.hu\/en\/wp-json\/wp\/v2\/types\/page"}],"author":[{"embeddable":true,"href":"https:\/\/plum.hu\/en\/wp-json\/wp\/v2\/users\/1"}],"replies":[{"embeddable":true,"href":"https:\/\/plum.hu\/en\/wp-json\/wp\/v2\/comments?post=580"}],"version-history":[{"count":81,"href":"https:\/\/plum.hu\/en\/wp-json\/wp\/v2\/pages\/580\/revisions"}],"predecessor-version":[{"id":6150,"href":"https:\/\/plum.hu\/en\/wp-json\/wp\/v2\/pages\/580\/revisions\/6150"}],"wp:attachment":[{"href":"https:\/\/plum.hu\/en\/wp-json\/wp\/v2\/media?parent=580"}],"curies":[{"name":"wp","href":"https:\/\/api.w.org\/{rel}","templated":true}]}}