{"id":6,"date":"2016-05-11T09:33:06","date_gmt":"2016-05-11T09:33:06","guid":{"rendered":"https:\/\/plum.hu\/?page_id=6"},"modified":"2025-01-31T13:46:17","modified_gmt":"2025-01-31T12:46:17","slug":"home","status":"publish","type":"page","link":"https:\/\/plum.hu\/en\/","title":{"rendered":"Home"},"content":{"rendered":"<p>&nbsp; &nbsp; Minden egy helyen, ami a kisebb sebek ell\u00e1t\u00e1s\u00e1hoz kell. V\u00e1lassza adagol\u00f3 rendszereinket a teljesk\u00f6r\u0171 megold\u00e1shoz. &nbsp; &nbsp; &nbsp; &nbsp; &nbsp; &nbsp; &nbsp; &nbsp; &nbsp; &nbsp; &nbsp; &nbsp; &nbsp; &nbsp; &nbsp; &nbsp; &nbsp; &nbsp; &nbsp; &nbsp; &n <a href=\"https:\/\/plum.hu\/en\/\" title=\"Read more on Home\" class=\"more-link\">read more<\/a><\/p>\n","protected":false},"excerpt":{"rendered":"<p>&nbsp; &nbsp; Minden egy helyen, ami a kisebb sebek ell\u00e1t\u00e1s\u00e1hoz kell. V\u00e1lassza adagol\u00f3 rendszereinket a teljesk\u00f6r\u0171 megold\u00e1shoz. &nbsp; &nbsp; &nbsp; &nbsp; &nbsp; &nbsp; &nbsp; &nbsp; &nbsp; &nbsp; &nbsp; &nbsp; &nbsp; &nbsp; &nbsp; &nbsp; &nbsp; &nbsp; &nbsp; &nbsp; &#038;n read more<\/p>\n","protected":false},"author":1,"featured_media":0,"parent":0,"menu_order":0,"comment_status":"closed","ping_status":"closed","template":"paddingless-page.php","meta":{"footnotes":""},"class_list":["post-6","page","type-page","status-publish","hentry","no-thumb"],"_links":{"self":[{"href":"https:\/\/plum.hu\/en\/wp-json\/wp\/v2\/pages\/6","targetHints":{"allow":["GET"]}}],"collection":[{"href":"https:\/\/plum.hu\/en\/wp-json\/wp\/v2\/pages"}],"about":[{"href":"https:\/\/plum.hu\/en\/wp-json\/wp\/v2\/types\/page"}],"author":[{"embeddable":true,"href":"https:\/\/plum.hu\/en\/wp-json\/wp\/v2\/users\/1"}],"replies":[{"embeddable":true,"href":"https:\/\/plum.hu\/en\/wp-json\/wp\/v2\/comments?post=6"}],"version-history":[{"count":224,"href":"https:\/\/plum.hu\/en\/wp-json\/wp\/v2\/pages\/6\/revisions"}],"predecessor-version":[{"id":6278,"href":"https:\/\/plum.hu\/en\/wp-json\/wp\/v2\/pages\/6\/revisions\/6278"}],"wp:attachment":[{"href":"https:\/\/plum.hu\/en\/wp-json\/wp\/v2\/media?parent=6"}],"curies":[{"name":"wp","href":"https:\/\/api.w.org\/{rel}","templated":true}]}}